{"id":1130,"date":"2020-04-02T20:06:01","date_gmt":"2020-04-02T23:06:01","guid":{"rendered":"https:\/\/cs42-sfe.infd.edu.ar\/sitio\/?page_id=1130"},"modified":"2025-09-16T21:23:41","modified_gmt":"2025-09-17T00:23:41","slug":"tecnico-superior-en-administracion-publica","status":"publish","type":"page","link":"https:\/\/cs42-sfe.infd.edu.ar\/sitio\/tecnico-superior-en-administracion-publica\/","title":{"rendered":"T\u00e9cnico Superior en Administraci\u00f3n P\u00fablica \/Plan 1226\/15"},"content":{"rendered":"\n<figure class=\"wp-block-image\"><img decoding=\"async\" loading=\"lazy\" width=\"1000\" height=\"563\" src=\"https:\/\/cs42-sfe.infd.edu.ar\/sitio\/wp-content\/uploads\/2025\/09\/WhatsApp-Image-2025-09-16-at-10.50.03-AM-2-1000x563.jpeg\" alt=\"\" class=\"wp-image-2421\" srcset=\"https:\/\/cs42-sfe.infd.edu.ar\/sitio\/wp-content\/uploads\/2025\/09\/WhatsApp-Image-2025-09-16-at-10.50.03-AM-2-1000x563.jpeg 1000w, https:\/\/cs42-sfe.infd.edu.ar\/sitio\/wp-content\/uploads\/2025\/09\/WhatsApp-Image-2025-09-16-at-10.50.03-AM-2-768x432.jpeg 768w, https:\/\/cs42-sfe.infd.edu.ar\/sitio\/wp-content\/uploads\/2025\/09\/WhatsApp-Image-2025-09-16-at-10.50.03-AM-2-1536x864.jpeg 1536w, https:\/\/cs42-sfe.infd.edu.ar\/sitio\/wp-content\/uploads\/2025\/09\/WhatsApp-Image-2025-09-16-at-10.50.03-AM-2.jpeg 1600w\" sizes=\"(max-width: 1000px) 100vw, 1000px\" \/><\/figure>\n\n\n\n<hr class=\"wp-block-separator has-alpha-channel-opacity\"\/>\n\n\n\n<p><span class=\"a_GcMg font-feature-liga-off font-feature-clig-off font-feature-calt-off text-decoration-none text-strikethrough-none\">El egresado de la carrera de T\u00e9cnico Superior en Administraci\u00f3n P\u00fablica podr\u00e1 aplicar su conocimiento y capacidad en organismos de los \u00e1mbitos nacional, provincial, municipal, comunal y Organizaciones de la Sociedad Civil.<\/span><\/p>\n\n\n\n<p><span class=\"a_GcMg font-feature-liga-off font-feature-clig-off font-feature-calt-off text-decoration-none text-strikethrough-none\">El egresado contar\u00e1 con las competencias necesarias para llevar adelante tareas vinculadas con la gesti\u00f3n de pol\u00edticas, planes, programas y proyectos; el asesoramiento t\u00e9cnico, la capacitaci\u00f3n y la promoci\u00f3n de espacios de participaci\u00f3n comunitaria.<\/span><\/p>\n\n\n\n<p><span class=\"a_GcMg font-feature-liga-off font-feature-clig-off font-feature-calt-off text-decoration-none text-strikethrough-none\">En este sentido estar\u00e1 formado para la utilizaci\u00f3n, con fundamento, de modelos conceptuales, instrumentos legales y t\u00e9cnicos que apunten a una gesti\u00f3n eficiente y eficaz que tenga como fin la mejora de la gesti\u00f3n estatal. Generar\u00e1 espacios de trabajo intersectorial, de participaci\u00f3n comunitaria y ciudadana que promuevan el desarrollo socio productivo y cultural de su \u00e1mbito de pertenencia.<\/span><\/p>\n\n\n\n<hr class=\"wp-block-separator has-alpha-channel-opacity\"\/>\n\n\n\n<p><strong>ESPACIOS CURRICULARES: <\/strong><br>1\u00b0 A\u00d1O:<\/p>\n\n\n\n<ul>\n<li>Pol\u00edtica, sociedad y estado MATERIA<\/li>\n\n\n\n<li>\u00c9tica y responsabilidad SEMINARIO<\/li>\n\n\n\n<li>Administraci\u00f3n P\u00fabica I MATERIA<\/li>\n\n\n\n<li>Econom\u00eda local, regional y global MATERIA<\/li>\n\n\n\n<li>Comunicaci\u00f3n social e institucional TALLER<\/li>\n\n\n\n<li>Pr\u00e1ctica profesionalizantes I TALLER<\/li>\n<\/ul>\n\n\n\n<p>2\u00b0 A\u00d1O:<\/p>\n\n\n\n<ul>\n<li>Procesos pol\u00edticos econ\u00f3micos y el mundo del trabajo actual SEMINARIO<\/li>\n\n\n\n<li>Problem\u00e1ticas socioculturales contempor\u00e1neas TALLER<\/li>\n\n\n\n<li>Administraci\u00f3n P\u00fablica II MATERIA<\/li>\n\n\n\n<li>Pol\u00edticas p\u00fablicas, planeamientos estrat\u00e9gico y desarrollo local SEMINARIO<\/li>\n\n\n\n<li>Derecho administrativo MATERIA<\/li>\n\n\n\n<li>Teor\u00eda y desarrollo de las organizaciones MATERIA<\/li>\n\n\n\n<li>Pr\u00e1ctica profesionalizantes II TALLER<\/li>\n<\/ul>\n\n\n\n<p>3 A\u00d1O:<\/p>\n\n\n\n<ul>\n<li>Gesti\u00f3n p\u00fablica TALLER<\/li>\n\n\n\n<li>Administraci\u00f3n financiera y bancaria TALLER<\/li>\n\n\n\n<li>Metodolog\u00eda de la investigaci\u00f3n social TALLER<\/li>\n\n\n\n<li>Tecnolog\u00edas inform\u00e1ticas para la gesti\u00f3n TALLER<\/li>\n\n\n\n<li>Pr\u00e1ctica Profesionalizantes III TALLER<\/li>\n<\/ul>\n\n\n\n<hr class=\"wp-block-separator has-alpha-channel-opacity\"\/>\n","protected":false},"excerpt":{"rendered":"<p>El egresado de la carrera de T\u00e9cnico Superior en Administraci\u00f3n P\u00fablica podr\u00e1 aplicar su conocimiento y capacidad en organismos de los \u00e1mbitos nacional, provincial, municipal, comunal y Organizaciones de la Sociedad Civil. El egresado contar\u00e1 con las competencias necesarias para llevar adelante tareas vinculadas con la gesti\u00f3n de pol\u00edticas, planes, programas y proyectos; el asesoramiento &#8230; <a title=\"T\u00e9cnico Superior en Administraci\u00f3n P\u00fablica \/Plan 1226\/15\" class=\"read-more\" href=\"https:\/\/cs42-sfe.infd.edu.ar\/sitio\/tecnico-superior-en-administracion-publica\/\" aria-label=\"More on T\u00e9cnico Superior en Administraci\u00f3n P\u00fablica \/Plan 1226\/15\">[+]<\/a><\/p>\n","protected":false},"author":23,"featured_media":0,"parent":0,"menu_order":0,"comment_status":"closed","ping_status":"closed","template":"","meta":[],"acf":[],"_links":{"self":[{"href":"https:\/\/cs42-sfe.infd.edu.ar\/sitio\/wp-json\/wp\/v2\/pages\/1130"}],"collection":[{"href":"https:\/\/cs42-sfe.infd.edu.ar\/sitio\/wp-json\/wp\/v2\/pages"}],"about":[{"href":"https:\/\/cs42-sfe.infd.edu.ar\/sitio\/wp-json\/wp\/v2\/types\/page"}],"author":[{"embeddable":true,"href":"https:\/\/cs42-sfe.infd.edu.ar\/sitio\/wp-json\/wp\/v2\/users\/23"}],"replies":[{"embeddable":true,"href":"https:\/\/cs42-sfe.infd.edu.ar\/sitio\/wp-json\/wp\/v2\/comments?post=1130"}],"version-history":[{"count":9,"href":"https:\/\/cs42-sfe.infd.edu.ar\/sitio\/wp-json\/wp\/v2\/pages\/1130\/revisions"}],"predecessor-version":[{"id":2447,"href":"https:\/\/cs42-sfe.infd.edu.ar\/sitio\/wp-json\/wp\/v2\/pages\/1130\/revisions\/2447"}],"wp:attachment":[{"href":"https:\/\/cs42-sfe.infd.edu.ar\/sitio\/wp-json\/wp\/v2\/media?parent=1130"}],"curies":[{"name":"wp","href":"https:\/\/api.w.org\/{rel}","templated":true}]}}