{"id":1266,"date":"2021-02-25T11:57:43","date_gmt":"2021-02-25T14:57:43","guid":{"rendered":"https:\/\/cs42-sfe.infd.edu.ar\/sitio\/?page_id=1266"},"modified":"2021-09-07T11:47:42","modified_gmt":"2021-09-07T14:47:42","slug":"investigacion-sobre-ciencia-y-educacion-para-el-desarrollo-sustentable-ii","status":"publish","type":"page","link":"https:\/\/cs42-sfe.infd.edu.ar\/sitio\/investigacion-sobre-ciencia-y-educacion-para-el-desarrollo-sustentable-ii\/","title":{"rendered":"Ciencia, Educaci\u00f3n y Desarrollo Sostenible local"},"content":{"rendered":"\n<p><em>El <strong>objetivo<\/strong> del proyecto es <strong>promover el cambio hacia la sostenibilidad socioecon\u00f3mica y ambiental local a trav\u00e9s de la educaci\u00f3n, investigaci\u00f3n y coproducci\u00f3n del conocimiento <\/strong>entre investigadores, docentes y&nbsp;estudiantes de la comunidad educativa del Colegio Superior No. 42 (CS42) y representantes del gobierno y organizaciones sociales de la ciudad de Vera, Santa Fe. La idea del proyecto es <strong>contribuir, desde el nivel local, a alcanzar los Objetivos del Desarrollo Sostenible (ODS)<\/strong> aprobados por la Organizaci\u00f3n de Naciones Unidas y adaptados por la Rep\u00fablica Argentina.&nbsp;<\/em><\/p>\n\n\n\n<p><em>El logro del objetivo se har\u00e1 a trav\u00e9s de <strong>un proyecto de investigaci\u00f3n-acci\u00f3n sobre localizaci\u00f3n de los ODS, presupuesto y desarrollo sostenible en Vera <\/strong>(<strong>M\u00f3dulo 1<\/strong>); una <strong>estrategia trans-disciplinaria que integra<\/strong> la <strong>Educaci\u00f3n para el Desarrollo Sostenibl<\/strong>e (EDS \u2013 <strong>M\u00f3dulo 2<\/strong>) promovida por UNESCO -que ser\u00e1 incorporada a los planes de estudios del CS42-; &nbsp;y un<strong> plan de documentaci\u00f3n y comunicaciones<\/strong> destinado a sensibilizar y movilizar a la comunidad local en materia de ODS (<strong>M\u00f3dulo 3<\/strong>).<\/em><\/p>\n\n\n\n<div class=\"wp-block-image\"><figure class=\"aligncenter size-large is-resized\"><img decoding=\"async\" loading=\"lazy\" src=\"https:\/\/cs42-sfe.infd.edu.ar\/sitio\/wp-content\/uploads\/2021\/07\/logo.jpg\" alt=\"logo\" class=\"wp-image-1319\" width=\"332\" height=\"468\"\/><\/figure><\/div>\n\n\n\n<div class=\"alignwide\"><div id=\"metaslider-id-1216\" style=\"width: 100%;\" class=\"ml-slider-3-33-0 metaslider metaslider-flex metaslider-1216 ml-slider ms-theme-default\" role=\"region\" aria-roledescription=\"Slideshow\" aria-label=\"Slideshow\">\n    <div id=\"metaslider_container_1216\">\n        <div id=\"metaslider_1216\" class=\"flexslider\">\n            <ul aria-live=\"polite\" class=\"slides\">\n                <li style=\"display: block; width: 100%;\" class=\"slide-1323 ms-image\" aria-roledescription=\"slide\" aria-label=\"slide-1323\"><img src=\"https:\/\/cs42-sfe.infd.edu.ar\/sitio\/wp-content\/uploads\/2021\/09\/logo2-scaled-1100x200.jpg\" height=\"200\" width=\"1100\" alt=\"\" class=\"slider-1216 slide-1323\" title=\"logo2\" \/><\/li>\n                <li style=\"display: none; width: 100%;\" class=\"slide-1324 ms-image\" aria-roledescription=\"slide\" aria-label=\"slide-1324\"><img src=\"https:\/\/cs42-sfe.infd.edu.ar\/sitio\/wp-content\/uploads\/2021\/06\/ODS-ci\u0301rculo-768x545-768x139.png\" height=\"200\" width=\"1100\" alt=\"\" class=\"slider-1216 slide-1324\" title=\"ODS-ci\u0301rculo-768x545\" \/><\/li>\n                <li style=\"display: none; width: 100%;\" class=\"slide-1326 ms-image\" aria-roledescription=\"slide\" aria-label=\"slide-1326\"><img src=\"https:\/\/cs42-sfe.infd.edu.ar\/sitio\/wp-content\/uploads\/2020\/04\/col-sup-418x76.png\" height=\"200\" width=\"1100\" alt=\"\" class=\"slider-1216 slide-1326\" title=\"col sup\" \/><\/li>\n            <\/ul>\n        <\/div>\n        \n    <\/div>\n<\/div><\/div>\n\n\n\n<p><\/p>\n\n\n\n<p><\/p>\n","protected":false},"excerpt":{"rendered":"<p>El objetivo del proyecto es promover el cambio hacia la sostenibilidad socioecon\u00f3mica y ambiental local a trav\u00e9s de la educaci\u00f3n, investigaci\u00f3n y coproducci\u00f3n del conocimiento entre investigadores, docentes y&nbsp;estudiantes de la comunidad educativa del Colegio Superior No. 42 (CS42) y representantes del gobierno y organizaciones sociales de la ciudad de Vera, Santa Fe. La idea &#8230; <a title=\"Ciencia, Educaci\u00f3n y Desarrollo Sostenible local\" class=\"read-more\" href=\"https:\/\/cs42-sfe.infd.edu.ar\/sitio\/investigacion-sobre-ciencia-y-educacion-para-el-desarrollo-sustentable-ii\/\" aria-label=\"More on Ciencia, Educaci\u00f3n y Desarrollo Sostenible local\">[+]<\/a><\/p>\n","protected":false},"author":37,"featured_media":0,"parent":0,"menu_order":0,"comment_status":"closed","ping_status":"closed","template":"","meta":[],"acf":[],"_links":{"self":[{"href":"https:\/\/cs42-sfe.infd.edu.ar\/sitio\/wp-json\/wp\/v2\/pages\/1266"}],"collection":[{"href":"https:\/\/cs42-sfe.infd.edu.ar\/sitio\/wp-json\/wp\/v2\/pages"}],"about":[{"href":"https:\/\/cs42-sfe.infd.edu.ar\/sitio\/wp-json\/wp\/v2\/types\/page"}],"author":[{"embeddable":true,"href":"https:\/\/cs42-sfe.infd.edu.ar\/sitio\/wp-json\/wp\/v2\/users\/37"}],"replies":[{"embeddable":true,"href":"https:\/\/cs42-sfe.infd.edu.ar\/sitio\/wp-json\/wp\/v2\/comments?post=1266"}],"version-history":[{"count":7,"href":"https:\/\/cs42-sfe.infd.edu.ar\/sitio\/wp-json\/wp\/v2\/pages\/1266\/revisions"}],"predecessor-version":[{"id":1328,"href":"https:\/\/cs42-sfe.infd.edu.ar\/sitio\/wp-json\/wp\/v2\/pages\/1266\/revisions\/1328"}],"wp:attachment":[{"href":"https:\/\/cs42-sfe.infd.edu.ar\/sitio\/wp-json\/wp\/v2\/media?parent=1266"}],"curies":[{"name":"wp","href":"https:\/\/api.w.org\/{rel}","templated":true}]}}