{"id":1286,"date":"2021-02-25T12:04:07","date_gmt":"2021-02-25T15:04:07","guid":{"rendered":"https:\/\/cs42-sfe.infd.edu.ar\/sitio\/?page_id=1286"},"modified":"2025-12-03T18:46:03","modified_gmt":"2025-12-03T21:46:03","slug":"investigacion-archivos","status":"publish","type":"page","link":"https:\/\/cs42-sfe.infd.edu.ar\/sitio\/investigacion-archivos\/","title":{"rendered":"Documentos"},"content":{"rendered":"<h3>2024<\/h3>\n<h1 class=\"hero__title single\">Proclamaci\u00f3n del Decenio Internacional de las Ciencias para el Desarrollo Sostenible por la Asamblea General de las Naciones Unidas\u00a0<\/h1>\n<p>Despu\u00e9s de designar 2022 como el \u00abA\u00f1o Internacional de las Ciencias B\u00e1sicas para el Desarrollo Sostenible (IYBSSD)\u00bb, la Asamblea General de las Naciones Unidas ha proclamado ahora el per\u00edodo de 2024 a 2033 como la \u00abD\u00e9cada Internacional de las Ciencias para el Desarrollo Sostenible (IDSSD)\u00bb, reconociendo el imperativo de tender puentes a trav\u00e9s de disciplinas cient\u00edficas y formas de conocimiento para abordar los complejos e intrincados desaf\u00edos de nuestro tiempo.<\/p>\n<p><img decoding=\"async\" loading=\"lazy\" class=\"alignnone size-medium wp-image-1984\" src=\"https:\/\/cs42-sfe.infd.edu.ar\/sitio\/wp-content\/uploads\/2024\/09\/mert-guller-DalIdMIcFts-unsplash-Cropped-scaled-1-1000x500.jpg\" alt=\"\" width=\"1000\" height=\"500\" srcset=\"https:\/\/cs42-sfe.infd.edu.ar\/sitio\/wp-content\/uploads\/2024\/09\/mert-guller-DalIdMIcFts-unsplash-Cropped-scaled-1-1000x500.jpg 1000w, https:\/\/cs42-sfe.infd.edu.ar\/sitio\/wp-content\/uploads\/2024\/09\/mert-guller-DalIdMIcFts-unsplash-Cropped-scaled-1-1900x950.jpg 1900w, https:\/\/cs42-sfe.infd.edu.ar\/sitio\/wp-content\/uploads\/2024\/09\/mert-guller-DalIdMIcFts-unsplash-Cropped-scaled-1-768x384.jpg 768w, https:\/\/cs42-sfe.infd.edu.ar\/sitio\/wp-content\/uploads\/2024\/09\/mert-guller-DalIdMIcFts-unsplash-Cropped-scaled-1-1536x768.jpg 1536w, https:\/\/cs42-sfe.infd.edu.ar\/sitio\/wp-content\/uploads\/2024\/09\/mert-guller-DalIdMIcFts-unsplash-Cropped-scaled-1.jpg 1920w\" sizes=\"(max-width: 1000px) 100vw, 1000px\" \/><\/p>\n<p>Desde la emergencia clim\u00e1tica y la p\u00e9rdida de biodiversidad hasta la salud global, los complejos desaf\u00edos que enfrenta nuestro mundo exigen enfoques innovadores y hol\u00edsticos que trasciendan las fronteras tradicionales. En la b\u00fasqueda de una coexistencia sostenible entre la humanidad y nuestro planeta, el papel de las ciencias se ha vuelto m\u00e1s cr\u00edtico que nunca. \u00a0<\/p>\n<p>La d\u00e9cada tiene como objetivo crear conciencia sobre la importancia de todas las ciencias para el desarrollo sostenible y concurrir activamente, de acuerdo con las prioridades nacionales, a la promoci\u00f3n de un enfoque cient\u00edfico coordinado y colaborativo que proporcione a los responsables de pol\u00edticas los an\u00e1lisis basados \u200b\u200ben evidencia y los datos necesarios para establecer e implementar pol\u00edticas de manera efectiva de tal manera que nadie se quede atr\u00e1s.<\/p>\n<h3>5 de junio<\/h3>\n<h1><strong>D\u00cdA MUNDIAL DEL MEDIO AMBIENTE<\/strong><\/h1>\n<p>Nuestro proyecto institucional invita a la comunidad a reflexionar sobre el ambiente y los ODS en el D\u00eda Mundial del Ambiente. Las Naciones Unidas designaron el 5 de junio como D\u00eda Mundial del Medio Ambiente para destacar que la protecci\u00f3n y la salud del medio ambiente es una cuesti\u00f3n importante, que afecta al bienestar de los pueblos y al desarrollo econ\u00f3mico en todo el mundo. La celebraci\u00f3n de este d\u00eda nos brinda la oportunidad de ampliar los conocimientos para una opini\u00f3n ilustrada y una conducta responsable de las personas, empresas y comunidades en la preservaci\u00f3n y mejora del medio ambiente.<\/p>\n<p><img decoding=\"async\" loading=\"lazy\" class=\"alignnone  wp-image-1749 alignleft\" src=\"https:\/\/cs42-sfe.infd.edu.ar\/sitio\/wp-content\/uploads\/2023\/06\/35695e7b-013f-47e8-96ec-b56fb1677916-500x500.jpg\" alt=\"\" width=\"199\" height=\"199\" \/> <img decoding=\"async\" loading=\"lazy\" class=\"alignnone  wp-image-1748 alignleft\" src=\"https:\/\/cs42-sfe.infd.edu.ar\/sitio\/wp-content\/uploads\/2023\/06\/421c563e-da0c-466b-8d92-c4f46dd6c597-500x500.jpg\" alt=\"\" width=\"201\" height=\"201\" \/><\/p>\n<p>El a\u00f1o 1972 supuso un punto de inflexi\u00f3n en el desarrollo de la pol\u00edtica ambiental internacional, con la primera gran conferencia sobre cuestiones ambientales, conocida como la Conferencia sobre el Medio Ambiente Humano (CNUMAH), o la Conferencia de Estocolmo. M\u00e1s tarde ese a\u00f1o, el 15 de diciembre, la Asamblea General aprob\u00f3 una resoluci\u00f3n (A\/RES\/2994 (XXVII)) por la que se designaba el 5 de junio como D\u00eda Mundial del Medio Ambiente y se instaba \u00aba los gobiernos y a las organizaciones del sistema de las Naciones Unidas a que emprendan todos los a\u00f1os, ese d\u00eda, actividades de alcance mundial en las que se reafirme su preocupaci\u00f3n por la preservaci\u00f3n y el mejoramiento del medio ambiente, con miras a profundizar la conciencia ecol\u00f3gica\u00bb.<\/p>\n<p>&nbsp;<\/p>\n<h1>\u00a0<\/h1>\n<h5 style=\"padding-left: 40px;\">\u00a0<\/h5>\n<h1><strong>DOCUMENTOS<\/strong><\/h1>\n<p><a href=\"https:\/\/cs42-sfe.infd.edu.ar\/sitio\/wp-content\/uploads\/2025\/12\/Proyecto-investigacio\u0301n-CSEDSODS-vSF21-_-2025-plataforma.docx\">Proyecto investigacio\u0301n CS+EDS+ODS vSF21 _ 2025 plataforma<\/a><\/p>\n<p><a href=\"https:\/\/cs42-sfe.infd.edu.ar\/sitio\/wp-content\/uploads\/2024\/09\/Agenda-2030-Naciones-Unidas-Asamblea.pdf\">Agenda 2030 Naciones Unidas- Asamblea<\/a><\/p>\n<p><a href=\"https:\/\/cs42-sfe.infd.edu.ar\/sitio\/wp-content\/uploads\/2024\/09\/EDS-Documento-de-consulta-UNESCO-2012.pdf\">EDS Documento de consulta -UNESCO 2012<\/a><\/p>\n<p><a href=\"https:\/\/cs42-sfe.infd.edu.ar\/sitio\/wp-content\/uploads\/2024\/09\/ODS-CEPAL-2018-La-Agenda-2030-y-los-Objetivos.pdf\">ODS- CEPAL 2018- La Agenda 2030 y los Objetivos<\/a><\/p>\n<p><a href=\"https:\/\/cs42-sfe.infd.edu.ar\/sitio\/wp-content\/uploads\/2025\/08\/Flyer-ciencia_educacion_desarrollo_sostenible_local.pdf\">Flyer ciencia_educacion_desarrollo_sostenible_local<\/a><\/p>\n<p><a href=\"https:\/\/cs42-sfe.infd.edu.ar\/sitio\/wp-content\/uploads\/2025\/08\/Programa-Taller-ComProd-Veg-Org-v1.docx\">Programa Taller Com&amp;Prod Veg Org v1<\/a><\/p>\n<p><a href=\"https:\/\/cs42-sfe.infd.edu.ar\/sitio\/wp-content\/uploads\/2025\/08\/Programa-ANOTADO-Taller-FUNDALUZ-ComProd-Veg-Org-vSF-1.docx\">Programa ANOTADO Taller FUNDALUZ Com&amp;Prod Veg Org vSF (1)<\/a><\/p>\n<p><a href=\"https:\/\/cs42-sfe.infd.edu.ar\/sitio\/wp-content\/uploads\/2025\/08\/EDS-0-Programa-Taller-18-Mayo-2024.docx\">EDS 0-Programa Taller 18 Mayo 2024<\/a><\/p>\n<p><a href=\"https:\/\/cs42-sfe.infd.edu.ar\/sitio\/wp-content\/uploads\/2025\/08\/2022-REGISTRO-DE-ESPACIOS-CURRICULARES.docx\">2022 &#8211; REGISTRO DE ESPACIOS CURRICULARES<\/a><\/p>\n<p><a href=\"https:\/\/cs42-sfe.infd.edu.ar\/sitio\/wp-content\/uploads\/2025\/08\/Programa-ANOTADO-Taller-ComProd-Veg-Org-vF.docx\">Programa ANOTADO Taller Com&amp;Prod Veg Org vF<\/a><\/p>\n<h2><strong>L\u00cdNEA DE TIEMPO<\/strong><\/h2>\n<p>&nbsp;<\/p>\n<p><a href=\"https:\/\/cs42-sfe.infd.edu.ar\/sitio\/linea-de-tiempo\/\">L\u00ednea de tiempo<\/a><\/p>\n<p>&nbsp;<\/p>\n<h1><strong>Link de Inter\u00e9s<\/strong><\/h1>\n<h5 style=\"padding-left: 40px;\"><a href=\"https:\/\/vocesenelfenix.economicas.uba.ar\/la-pobreza-de-las-metas-argentinas-de-pobreza-en-los-ods\/\">https:\/\/vocesenelfenix.economicas.uba.ar\/la-pobreza-de-las-metas-argentinas-de-pobreza-en-los-ods\/<\/a><\/h5>\n<h5 style=\"padding-left: 40px;\"><a href=\"https:\/\/vocesenelfenix.economicas.uba.ar\/educacion-y-desarrollo-sostenible-en-la-argentina-del-siglo-xxi\/\">https:\/\/vocesenelfenix.economicas.uba.ar\/educacion-y-desarrollo-sostenible-en-la-argentina-del-siglo-xxi\/<\/a><\/h5>\n<h5 style=\"padding-left: 40px;\"><a href=\"https:\/\/vocesenelfenix.economicas.uba.ar\/introduccion-al-desarrollo-y-sostenibilidad-en-la-argentina-del-siglo-xxi\/\">https:\/\/vocesenelfenix.economicas.uba.ar\/introduccion-al-desarrollo-y-sostenibilidad-en-la-argentina-del-siglo-xxi\/<\/a><\/h5>\n","protected":false},"excerpt":{"rendered":"<p>2024 Proclamaci\u00f3n del Decenio Internacional de las Ciencias para el Desarrollo Sostenible por la Asamblea General de las Naciones Unidas\u00a0 Despu\u00e9s de designar 2022 como el \u00abA\u00f1o Internacional de las Ciencias B\u00e1sicas para el Desarrollo Sostenible (IYBSSD)\u00bb, la Asamblea General de las Naciones Unidas ha proclamado ahora el per\u00edodo de 2024 a 2033 como la &#8230; <a title=\"Documentos\" class=\"read-more\" href=\"https:\/\/cs42-sfe.infd.edu.ar\/sitio\/investigacion-archivos\/\" aria-label=\"More on Documentos\">[+]<\/a><\/p>\n","protected":false},"author":2141,"featured_media":1750,"parent":0,"menu_order":0,"comment_status":"open","ping_status":"closed","template":"","meta":[],"acf":[],"_links":{"self":[{"href":"https:\/\/cs42-sfe.infd.edu.ar\/sitio\/wp-json\/wp\/v2\/pages\/1286"}],"collection":[{"href":"https:\/\/cs42-sfe.infd.edu.ar\/sitio\/wp-json\/wp\/v2\/pages"}],"about":[{"href":"https:\/\/cs42-sfe.infd.edu.ar\/sitio\/wp-json\/wp\/v2\/types\/page"}],"author":[{"embeddable":true,"href":"https:\/\/cs42-sfe.infd.edu.ar\/sitio\/wp-json\/wp\/v2\/users\/2141"}],"replies":[{"embeddable":true,"href":"https:\/\/cs42-sfe.infd.edu.ar\/sitio\/wp-json\/wp\/v2\/comments?post=1286"}],"version-history":[{"count":44,"href":"https:\/\/cs42-sfe.infd.edu.ar\/sitio\/wp-json\/wp\/v2\/pages\/1286\/revisions"}],"predecessor-version":[{"id":2601,"href":"https:\/\/cs42-sfe.infd.edu.ar\/sitio\/wp-json\/wp\/v2\/pages\/1286\/revisions\/2601"}],"wp:featuredmedia":[{"embeddable":true,"href":"https:\/\/cs42-sfe.infd.edu.ar\/sitio\/wp-json\/wp\/v2\/media\/1750"}],"wp:attachment":[{"href":"https:\/\/cs42-sfe.infd.edu.ar\/sitio\/wp-json\/wp\/v2\/media?parent=1286"}],"curies":[{"name":"wp","href":"https:\/\/api.w.org\/{rel}","templated":true}]}}