{"id":1368,"date":"2022-05-31T22:39:11","date_gmt":"2022-06-01T01:39:11","guid":{"rendered":"https:\/\/cs42-sfe.infd.edu.ar\/sitio\/?page_id=1368"},"modified":"2025-09-16T21:38:59","modified_gmt":"2025-09-17T00:38:59","slug":"profesorado-de-educacion-primaria-plan-528-09","status":"publish","type":"page","link":"https:\/\/cs42-sfe.infd.edu.ar\/sitio\/profesorado-de-educacion-primaria-plan-528-09\/","title":{"rendered":"Profesorado de Educaci\u00f3n Primaria \/Plan 528\/09"},"content":{"rendered":"\n<figure class=\"wp-block-image size-full is-resized\"><img decoding=\"async\" loading=\"lazy\" src=\"https:\/\/cs42-sfe.infd.edu.ar\/sitio\/wp-content\/uploads\/2025\/09\/escuela-clases-750x375-1.jpg\" alt=\"\" class=\"wp-image-2451\" width=\"1027\" height=\"514\"\/><\/figure>\n\n\n\n<hr class=\"wp-block-separator has-alpha-channel-opacity\"\/>\n\n\n\n<p>El egresado de la carrera de Profesorado de Educaci\u00f3n Primaria estar\u00e1 capacitado para gestionar el proceso de ense\u00f1anza-aprendizaje en el nivel primario con criterios pedag\u00f3gicos y cient\u00edficos de acuerdo con los lineamientos curriculares vigentes. Tambi\u00e9n contribuir a la formaci\u00f3n de valores c\u00edvicos y \u00e9ticos en armon\u00eda con los principios cristianos de convivencia social. Con esta formaci\u00f3n podr\u00e1 articular el curr\u00edculo del nivel primario y del secundario, sobre la base del desarrollo y las necesidades del sujeto que aprende.<\/p>\n\n\n\n<hr class=\"wp-block-separator has-alpha-channel-opacity\"\/>\n\n\n\n<p><strong>PLAN DE ESTUDIO:<\/strong><\/p>\n\n\n\n<p>PRIMER A\u00d1O <\/p>\n\n\n\n<ul>\n<li>Resoluci\u00f3n de problemas y creatividad <\/li>\n\n\n\n<li>Movimiento y cuerpo I <\/li>\n\n\n\n<li>Psicolog\u00eda y educaci\u00f3n <\/li>\n\n\n\n<li>Comunicaci\u00f3n y expresi\u00f3n oral y escrita <\/li>\n\n\n\n<li>Pedagog\u00eda<\/li>\n\n\n\n<li>Taller de pr\u00e1ctica I <\/li>\n\n\n\n<li>Sociolog\u00eda de la Educaci\u00f3n <\/li>\n\n\n\n<li>Problem\u00e1tica de las Ciencias Sociales<\/li>\n\n\n\n<li>Problem\u00e1ticas contempor\u00e1neas en la educaci\u00f3n primaria I<\/li>\n\n\n\n<li>Ciencias naturales para una cultura ciudadana<\/li>\n\n\n\n<li>\u00c1rea est\u00e9tico expresiva <\/li>\n\n\n\n<li>Historia Argentina  y latinoamericana <\/li>\n\n\n\n<li>Producci\u00f3n Pedag\u00f3gica &#8211; Itinerario por el mundo de la cultura <\/li>\n<\/ul>\n\n\n\n<p>SEGUNDO A\u00d1O<\/p>\n\n\n\n<ul>\n<li>Filosof\u00eda de la educaci\u00f3n <\/li>\n\n\n\n<li>Sujeto de la educaci\u00f3n primaria <\/li>\n\n\n\n<li>Matem\u00e1tica y su did\u00e1ctica I<\/li>\n\n\n\n<li>Ciencias naturales y su did\u00e1ctica I <\/li>\n\n\n\n<li>Ciencias Sociales y su did\u00e1ctica I <\/li>\n\n\n\n<li>Lengua y su did\u00e1ctica I <\/li>\n\n\n\n<li>Movimiento y cuerpo II <\/li>\n\n\n\n<li>Did\u00e1ctica General <\/li>\n\n\n\n<li>Taller de pr\u00e1ctica II <\/li>\n\n\n\n<li>Conocimiento y educaci\u00f3n<\/li>\n\n\n\n<li>Producci\u00f3n Pedag\u00f3gica &#8211; Itinerario por el mundo de la cultura <\/li>\n<\/ul>\n\n\n\n<p>TERCER A\u00d1O<\/p>\n\n\n\n<ul>\n<li>Tecnolog\u00edas de la informaci\u00f3n y la comunicaci\u00f3n <\/li>\n\n\n\n<li>Historia social de la educaci\u00f3n y pol\u00edtica educativa argentina <\/li>\n\n\n\n<li>Taller de pr\u00e1ctica III <\/li>\n\n\n\n<li>Matem\u00e1tica y su did\u00e1ctica II<\/li>\n\n\n\n<li>Ciencias naturales y su did\u00e1ctica II <\/li>\n\n\n\n<li>Ciencias Sociales y su did\u00e1ctica II<\/li>\n\n\n\n<li>Literatura y su did\u00e1ctica<\/li>\n\n\n\n<li>Alfabetizaci\u00f3n inicial <\/li>\n\n\n\n<li>\u00c1rea est\u00e9tico expresiva II <\/li>\n\n\n\n<li>Problem\u00e1ticas contempor\u00e1neas en la educaci\u00f3n primaria II<\/li>\n\n\n\n<li>Espacio de definici\u00f3n Institucional <\/li>\n\n\n\n<li>Producci\u00f3n Pedag\u00f3gica &#8211; Itinerario por el mundo de la cultura <\/li>\n<\/ul>\n\n\n\n<p>CUARTO A\u00d1O <\/p>\n\n\n\n<ul>\n<li>\u00c9tica, trabajo docente &#8211; derechos humanos y ciudadan\u00eda <\/li>\n\n\n\n<li>Taller de pr\u00e1ctica IV<\/li>\n\n\n\n<li>Ateneos: \n<ul>\n<li>Matem\u00e1tica<\/li>\n\n\n\n<li>Ciencias naturales <\/li>\n\n\n\n<li>Ciencias Sociales <\/li>\n\n\n\n<li>Lengua y literatura <\/li>\n\n\n\n<li>Formaci\u00f3n \u00c9tica y ciudadana <\/li>\n<\/ul>\n<\/li>\n\n\n\n<li>Sexualidad humana y educaci\u00f3n <\/li>\n<\/ul>\n\n\n\n<hr class=\"wp-block-separator has-alpha-channel-opacity\"\/>\n\n\n\n<p>T\u00edtulo que se otorga: Profesor\/a de Educaci\u00f3n Primaria<\/p>\n\n\n\n<p>Competencias para el ejercicio de la docencia<br>T\u00edtulo docente para desempe\u00f1arse en todos los a\u00f1os de la Educaci\u00f3n Primaria.<\/p>\n\n\n\n<div style=\"height:100px\" aria-hidden=\"true\" class=\"wp-block-spacer\"><\/div>\n\n\n\n<div style=\"height:100px\" aria-hidden=\"true\" class=\"wp-block-spacer\"><\/div>\n\n\n\n<p><\/p>\n","protected":false},"excerpt":{"rendered":"<p>El egresado de la carrera de Profesorado de Educaci\u00f3n Primaria estar\u00e1 capacitado para gestionar el proceso de ense\u00f1anza-aprendizaje en el nivel primario con criterios pedag\u00f3gicos y cient\u00edficos de acuerdo con los lineamientos curriculares vigentes. Tambi\u00e9n contribuir a la formaci\u00f3n de valores c\u00edvicos y \u00e9ticos en armon\u00eda con los principios cristianos de convivencia social. Con esta &#8230; <a title=\"Profesorado de Educaci\u00f3n Primaria \/Plan 528\/09\" class=\"read-more\" href=\"https:\/\/cs42-sfe.infd.edu.ar\/sitio\/profesorado-de-educacion-primaria-plan-528-09\/\" aria-label=\"More on Profesorado de Educaci\u00f3n Primaria \/Plan 528\/09\">[+]<\/a><\/p>\n","protected":false},"author":37,"featured_media":0,"parent":0,"menu_order":0,"comment_status":"closed","ping_status":"closed","template":"","meta":[],"acf":[],"_links":{"self":[{"href":"https:\/\/cs42-sfe.infd.edu.ar\/sitio\/wp-json\/wp\/v2\/pages\/1368"}],"collection":[{"href":"https:\/\/cs42-sfe.infd.edu.ar\/sitio\/wp-json\/wp\/v2\/pages"}],"about":[{"href":"https:\/\/cs42-sfe.infd.edu.ar\/sitio\/wp-json\/wp\/v2\/types\/page"}],"author":[{"embeddable":true,"href":"https:\/\/cs42-sfe.infd.edu.ar\/sitio\/wp-json\/wp\/v2\/users\/37"}],"replies":[{"embeddable":true,"href":"https:\/\/cs42-sfe.infd.edu.ar\/sitio\/wp-json\/wp\/v2\/comments?post=1368"}],"version-history":[{"count":5,"href":"https:\/\/cs42-sfe.infd.edu.ar\/sitio\/wp-json\/wp\/v2\/pages\/1368\/revisions"}],"predecessor-version":[{"id":2452,"href":"https:\/\/cs42-sfe.infd.edu.ar\/sitio\/wp-json\/wp\/v2\/pages\/1368\/revisions\/2452"}],"wp:attachment":[{"href":"https:\/\/cs42-sfe.infd.edu.ar\/sitio\/wp-json\/wp\/v2\/media?parent=1368"}],"curies":[{"name":"wp","href":"https:\/\/api.w.org\/{rel}","templated":true}]}}