{"id":1585,"date":"2022-07-06T22:33:12","date_gmt":"2022-07-07T01:33:12","guid":{"rendered":"https:\/\/cs42-sfe.infd.edu.ar\/sitio\/?page_id=1585"},"modified":"2024-09-05T22:55:11","modified_gmt":"2024-09-06T01:55:11","slug":"linea-de-tiempo","status":"publish","type":"page","link":"https:\/\/cs42-sfe.infd.edu.ar\/sitio\/linea-de-tiempo\/","title":{"rendered":"L\u00ednea de tiempo"},"content":{"rendered":"\n<p class=\"has-text-align-center has-x-large-font-size\"><strong>2024<\/strong><\/p>\n\n\n\n<p><strong>Fecha: 16 DE FEBRERO<\/strong><\/p>\n\n\n\n<p>TALLER para Docentes del nivel superior de las carreras de formaci\u00f3n docente y t\u00e9cnicas del Colegio Superior N\u00b0 42&nbsp; \u201cDr. Agust\u00edn Luis Rossi\u201d.<\/p>\n\n\n\n<p>OBJETIVO GENERAL: Capacitar a los docentes del colegio Superior N\u00ba42 \u201cDr. Agustin Luis Rossi\u201d para la incorporaci\u00f3n de los ODS en sus curriculas.<\/p>\n\n\n\n<p>Qu\u00e9 Objetivo(s) de Desarrollo Sostenible (ODS) ha incorporado en su programa en virtud del proyecto institucional que el CS42 lleva adelante con el CONICET y la Municipalidad de Vera. Por favor incluir el N\u00daMERO de ODS (y de METAS si correspondiera), as\u00ed como una breve s\u00edntesis de la estrategia pedag\u00f3gica de la EDS a utilizar:&nbsp;<\/p>\n\n\n\n<p>FECHA de la incorporaci\u00f3n de los ODS y la EDS en el programa de su materia. Por favor incluir brevemente detalles de la misma y comentarios si lo estima pertinente<strong>:<\/strong><\/p>\n\n\n\n<p><strong>FECHA: 18 DE <\/strong><strong>MAYO<\/strong><\/p>\n\n\n\n<p><strong>TALLER:&nbsp;<\/strong><\/p>\n\n\n\n<p><strong>Tem\u00e1tica<\/strong><strong>:\u201cLa Educaci\u00f3n para el Desarrollo Sostenible en el Nivel Superior:<\/strong><\/p>\n\n\n\n<p><strong>una propuesta did\u00e1ctica\u201d&nbsp;<\/strong><\/p>\n\n\n\n<p><strong>OBJETIVO GENERAL&nbsp; &nbsp; &nbsp; &nbsp; &nbsp; &nbsp; &nbsp; &nbsp; &nbsp; &nbsp; &nbsp; &nbsp; &nbsp; &nbsp; &nbsp; &nbsp; &nbsp; &nbsp; &nbsp; &nbsp; &nbsp; &nbsp; &nbsp; &nbsp; &nbsp; &nbsp; &nbsp; <\/strong><strong><\/strong><\/p>\n\n\n\n<p>Generar conocimientos al interior del Instituto de Formaci\u00f3n Docente sobre los Objetivos para el Desarrollo Sostenible (ODS) y la Educaci\u00f3n para el Desarrollo Sostenible (EDS) \u00fatiles para su implementaci\u00f3n, a partir de las distintas condiciones de partida de cada docente.<\/p>\n\n\n\n<p><strong>OBJETIVOS ESPEC\u00cdFICOS<\/strong><\/p>\n\n\n\n<p>\u00b7 &nbsp; &nbsp; &nbsp; &nbsp; Facilitar un espacio de formaci\u00f3n para los docentes que apunte a incorporar la EDS en los programas que tengan a cargo.<\/p>\n\n\n\n<p>\u00b7 &nbsp; &nbsp; &nbsp; &nbsp; Analizar los discursos pedag\u00f3gicos reconoci\u00e9ndolos como fen\u00f3menos atravesados por l\u00f3gicas socioecon\u00f3micas que le otorgan legitimidad.<\/p>\n\n\n\n<p>\u00b7 &nbsp; &nbsp; &nbsp; &nbsp; Focalizar el conocimiento resultante en la realidad local de la ciudad y departamento Vera, sin perjuicio de examinar comparativamente otras realidades provinciales y globales.<\/p>\n\n\n\n<p><strong>Fecha: 10 DE JUNIO<\/strong><\/p>\n\n\n\n<p>TALLER para Docentes del nivel superior de las carreras de formaci\u00f3n docente y t\u00e9cnicas del Colegio Superior N\u00b0 42 \u201cDr. Agust\u00edn Luis Rossi\u201d.<\/p>\n\n\n\n<p>&nbsp;<strong>OBJETIVO GENERAL:&nbsp;<\/strong><\/p>\n\n\n\n<ul>\n<li>Capacitar a los docentes del colegio Superior N\u00ba42 \u201cDr. Agustin Luis Rossi\u201d para la incorporaci\u00f3n de los ODS en sus curr\u00edculas.<\/li>\n<\/ul>\n\n\n\n<p>&#8211;&nbsp; &nbsp; &nbsp; &nbsp; Discusi\u00f3n grupal sobre temas y problemas relacionados con la incorporaci\u00f3n de la EDS y los ODS en los diferentes programas del CS42.<\/p>\n\n\n\n<p>&#8211;&nbsp; &nbsp; &nbsp; &nbsp; &nbsp; Estado del \u201cRegistro de Espacios Curriculares\u201d que se comparti\u00f3 en el Google Drive.<\/p>\n\n\n\n<p><strong>Fecha: 06 de Septiembre<\/strong><\/p>\n\n\n\n<p>Disertaci\u00f3n de Alberto&nbsp; Cimadamore en el 5\u00ba Congreso de Educaci\u00f3n del Departamento Vera \u201cEducaci\u00f3n y Anarcocapitalismo: Encrucijadas, Urgencias y Esperanzas\u201d<\/p>\n\n\n\n<p class=\"has-text-align-center has-x-large-font-size\"><strong>2023<\/strong><\/p>\n\n\n\n<p><strong>TALLER<\/strong>: <strong>Comercializaci\u00f3n y Producci\u00f3n de Vegetales Org\u00e1nicos en Vera<\/strong><\/p>\n\n\n\n<p>30 de Mayo&nbsp;<\/p>\n\n\n\n<p><strong>Objetivos del taller:<\/strong><\/p>\n\n\n\n<p>1.&nbsp; &nbsp; Profundizar las conversaciones entre el equipo de investigaci\u00f3n Ciencia, educaci\u00f3n y desarrollo sostenible local \/ localizaci\u00f3n de los ODS \/ EDS, representantes de la Municipalidad, equipo del PEP y Punto Focal ODS Vera;<\/p>\n\n\n\n<p>2.&nbsp; &nbsp; Integrar al proyecto organizaciones de la sociedad (FUNDALUZ) en funci\u00f3n del proceso de localizaci\u00f3n a nivel municipal y de planificaci\u00f3n estrat\u00e9gica participativa.&nbsp;<\/p>\n\n\n\n<p class=\"has-text-align-center has-x-large-font-size\"><strong>2022<\/strong><\/p>\n\n\n\n<p><strong>TALLER DE CAPACITACI\u00d3N <\/strong>: EDUCACI\u00d3N PARA EL DESARROLLO SOSTENIBLE<\/p>\n\n\n\n<p><strong>Fecha: 30 de Marzo 2022<\/strong>&nbsp;&nbsp;<\/p>\n\n\n\n<p><strong>Objetivos:<\/strong><\/p>\n\n\n\n<p>1.&nbsp; &nbsp; Actualizar la informaci\u00f3n sobre el estado de implementaci\u00f3n del proyecto institucional \u201cCiencia, educaci\u00f3n y desarrollo sostenible local\u201d;<\/p>\n\n\n\n<p>2.&nbsp; &nbsp; Afianzar y discutir conceptos centrales de la Educaci\u00f3n para el Desarrollo Sostenible con el objetivo de incorporarlos a los programas de materias especificas.<\/p>\n\n\n\n<p>3.&nbsp; &nbsp; Presentar y discutir las propuestas concretas de incorporaci\u00f3n gradual de contenidos de EDS en la curr\u00edcula del CS42 nivel superior y medio.<\/p>\n\n\n\n<p>TALLER # 2<\/p>\n\n\n\n<p><strong>Desarrollo sostenible y localizaci\u00f3n de los ODS en Vera<\/strong><\/p>\n\n\n\n<p>Fecha: 10 de Junio 2022&nbsp;<\/p>\n\n\n\n<p>Cont\u00f3 con intervenciones de <strong>Evelyn Nerea \u00c1lvarez (<\/strong>Directora Provincial de Cooperaci\u00f3n Internacional de la Provincia de Santa Fe), <strong>Paula Mitre<\/strong> (Intendenta de Vera), <strong>Walter Pighin<\/strong> (Rector del CS42) y <strong>Alberto Cimadamore<\/strong> (Coordinador del Proyecto EDS-ODS Vera).<\/p>\n\n\n\n<p>Se presentaron los objetivos del taller y la metodolog\u00eda para alcanzarlos. Mec\u00e1nica del taller. Relaci\u00f3n Punto(s) Focal(es), pautas existentes para la localizaci\u00f3n de los ODS. Vinculaci\u00f3n entre el proceso de localizaci\u00f3n de los ODS y el Proyecto Estrat\u00e9gico Participativo (PEP) de Vera. Rol de la co-producci\u00f3n y uso del conocimiento en ambos procesos.<\/p>\n\n\n\n<p><strong>Ciencia, cultura y desarrollo sostenible en Vera: CONFERENCIA<\/strong><\/p>\n\n\n\n<p><strong>10 de noviembre 2022, 18:30 a 20 hs,&nbsp; CS42<\/strong><\/p>\n\n\n\n<p>La conferencia fue&nbsp; inicialmente dirigida a la comunidad del CS42, haci\u00e9ndose extensiva la invitaci\u00f3n a otros colegios de la ciudad.<\/p>\n\n\n\n<p>El objetivo fue presentar y discutir los resultados de la investigaci\u00f3n cient\u00edfica llevada adelante por Mart\u00edn Maldonado (CONICET-Universidad Nacional de C\u00f3rdoba) que son \u00fatiles para pensar el desarrollo sostenible de Vera.<\/p>\n\n\n\n<p class=\"has-text-align-center has-x-large-font-size\"><strong>2021<\/strong><\/p>\n\n\n\n<p><strong>TALLER DE CAPACITACI\u00d3N<\/strong><\/p>\n\n\n\n<p>\u201cEDUCACI\u00d3N PARA EL DESARROLLO SOSTENIBLE\u201d<\/p>\n\n\n\n<p><strong>Fecha<\/strong><strong>: 14 de septiembre 2021<\/strong>&nbsp;<\/p>\n\n\n\n<p><strong>Objetivos:<\/strong><\/p>\n\n\n\n<p>1.&nbsp; &nbsp; Actualizar la informaci\u00f3n sobre el estado de implementaci\u00f3n del proyecto institucional \u201cCiencia, educaci\u00f3n y desarrollo sostenible local\u201d;<\/p>\n\n\n\n<p>2.&nbsp; &nbsp; Afianzar y discutir conceptos centrales de la Educaci\u00f3n para el Desarrollo Sostenible<\/p>\n\n\n\n<p>3.&nbsp; &nbsp; Presentar y discutir el plan de incorporaci\u00f3n gradual de contenidos de EDS en la curr\u00edcula del CS42 nivel superior y medio.<\/p>\n\n\n\n<p><strong>Taller sobre desarrollo sostenible y localizaci\u00f3n de los ODS en Vera<\/strong><\/p>\n\n\n\n<p><strong>Fecha: 26 de octubre 2021<\/strong><\/p>\n\n\n\n<p>&nbsp;\u00c1rea de Investigaci\u00f3n CS42 Ciencia, educaci\u00f3n y desarrollo sostenible local Taller sobre desarrollo sostenible y localizaci\u00f3n de los ODS en Vera<\/p>\n\n\n\n<p><strong>CONCURSO FOTOGRAFICO:<\/strong><\/p>\n\n\n\n<p><strong>Fecha:<\/strong><strong> Noviembre 2021<\/strong><\/p>\n\n\n\n<p>Se pretendi\u00f3 lograr que los y las estudiantes se expresen a trav\u00e9s de las fotograf\u00edas tomadas en la ciudad de Vera lo que entienden por el desarrollo econ\u00f3mico, social y ambiental o su contracara, el no-desarrollo, desde una perspectiva generacional. Esta convocatoria est\u00e1 orientada a estimular la creatividad a partir del conocimiento que se tenga sobre los 17 Objetivos del Desarrollo Sostenible, con base en los ODS de UNESCO.<\/p>\n\n\n\n<p>\u00b7 &nbsp; &nbsp; &nbsp; &nbsp; Inscripci\u00f3n: desde el 13 de septiembre de 2021 y hasta el 13 de octubre de&nbsp; 2021, a las 23:59.<\/p>\n\n\n\n<p>\u00b7 &nbsp; &nbsp; &nbsp; &nbsp; Env\u00edo de la fotograf\u00eda participante: Desde el 14 de septiembre de 2021 y hasta el 13 de octubre de&nbsp; 2021, a las 23:59.<\/p>\n\n\n\n<p>\u00b7 &nbsp; &nbsp; &nbsp; &nbsp; Deliberaci\u00f3n del jurado:&nbsp; desde 14 de octubre hasta el 05 de noviembre de 2021<\/p>\n\n\n\n<p>\u00b7 &nbsp; &nbsp; &nbsp; &nbsp; Comunicaci\u00f3n de resultados: 15 de noviembre de 2021<\/p>\n\n\n\n<p>\u00b7 &nbsp; &nbsp; &nbsp; &nbsp; Muestra fotogr\u00e1fica: entre el 21 y 22 de noviembre de 2021<\/p>\n","protected":false},"excerpt":{"rendered":"<p>2024 Fecha: 16 DE FEBRERO TALLER para Docentes del nivel superior de las carreras de formaci\u00f3n docente y t\u00e9cnicas del Colegio Superior N\u00b0 42&nbsp; \u201cDr. Agust\u00edn Luis Rossi\u201d. OBJETIVO GENERAL: Capacitar a los docentes del colegio Superior N\u00ba42 \u201cDr. Agustin Luis Rossi\u201d para la incorporaci\u00f3n de los ODS en sus curriculas. Qu\u00e9 Objetivo(s) de Desarrollo &#8230; <a title=\"L\u00ednea de tiempo\" class=\"read-more\" href=\"https:\/\/cs42-sfe.infd.edu.ar\/sitio\/linea-de-tiempo\/\" aria-label=\"More on L\u00ednea de tiempo\">[+]<\/a><\/p>\n","protected":false},"author":760,"featured_media":0,"parent":0,"menu_order":0,"comment_status":"closed","ping_status":"closed","template":"","meta":[],"acf":[],"_links":{"self":[{"href":"https:\/\/cs42-sfe.infd.edu.ar\/sitio\/wp-json\/wp\/v2\/pages\/1585"}],"collection":[{"href":"https:\/\/cs42-sfe.infd.edu.ar\/sitio\/wp-json\/wp\/v2\/pages"}],"about":[{"href":"https:\/\/cs42-sfe.infd.edu.ar\/sitio\/wp-json\/wp\/v2\/types\/page"}],"author":[{"embeddable":true,"href":"https:\/\/cs42-sfe.infd.edu.ar\/sitio\/wp-json\/wp\/v2\/users\/760"}],"replies":[{"embeddable":true,"href":"https:\/\/cs42-sfe.infd.edu.ar\/sitio\/wp-json\/wp\/v2\/comments?post=1585"}],"version-history":[{"count":3,"href":"https:\/\/cs42-sfe.infd.edu.ar\/sitio\/wp-json\/wp\/v2\/pages\/1585\/revisions"}],"predecessor-version":[{"id":1970,"href":"https:\/\/cs42-sfe.infd.edu.ar\/sitio\/wp-json\/wp\/v2\/pages\/1585\/revisions\/1970"}],"wp:attachment":[{"href":"https:\/\/cs42-sfe.infd.edu.ar\/sitio\/wp-json\/wp\/v2\/media?parent=1585"}],"curies":[{"name":"wp","href":"https:\/\/api.w.org\/{rel}","templated":true}]}}