{"id":1599,"date":"2022-08-31T10:17:08","date_gmt":"2022-08-31T13:17:08","guid":{"rendered":"https:\/\/cs42-sfe.infd.edu.ar\/sitio\/?page_id=1599"},"modified":"2024-08-23T17:47:50","modified_gmt":"2024-08-23T20:47:50","slug":"capacitaciones","status":"publish","type":"page","link":"https:\/\/cs42-sfe.infd.edu.ar\/sitio\/capacitaciones\/","title":{"rendered":"Capacitaciones"},"content":{"rendered":"\n<p>Una de nuestras mayores fortalezas y orgullo sin lugar a dudas, es el poder brindar una diversidad de capacitaciones con disertantes reconocidos no solo localmente sino a nivel nacional. <\/p>\n\n\n\n<p>Estamos para para formar y dar herramientas a profesionales, estudiantes y p\u00fablico interesado; con certificaci\u00f3n avalada por el Ministerio de Educaci\u00f3n como Instituto de formaci\u00f3n docente y t\u00e9cnica.<\/p>\n\n\n\n<p><strong>6 de Septiembre 2024<\/strong><\/p>\n\n\n\n<p><strong>Te invitamos a participar de esta nueva edici\u00f3n del Congreso de Educaci\u00f3n, organizado por nuestro Colegio. Record\u00e1 que es un evento absolutamente gratuito, destinado a Docentes de todo los Niveles y Alumnos de Nivel Superior.<\/strong><\/p>\n\n\n\n<p><strong>INSCRIPCIONES en el siguiente LINK \u2014-&gt;&gt;&gt; https:\/\/forms.gle\/JG4wVobPchFMNEpJ9&nbsp;<\/strong><\/p>\n\n\n\n<div class=\"wp-block-cover is-light has-small-font-size\" style=\"min-height:995px\"><span aria-hidden=\"true\" class=\"wp-block-cover__background has-background-dim-0 has-background-dim\"><\/span><img decoding=\"async\" loading=\"lazy\" width=\"1080\" height=\"1080\" class=\"wp-block-cover__image-background wp-image-1937\" alt=\"\" src=\"https:\/\/cs42-sfe.infd.edu.ar\/sitio\/wp-content\/uploads\/2024\/08\/Post-para-Instagram-Congreso-cristiano-Moderno-Blanco-y-negro-1.png\" style=\"object-position:46% 13%\" data-object-fit=\"cover\" data-object-position=\"46% 13%\" srcset=\"https:\/\/cs42-sfe.infd.edu.ar\/sitio\/wp-content\/uploads\/2024\/08\/Post-para-Instagram-Congreso-cristiano-Moderno-Blanco-y-negro-1.png 1080w, https:\/\/cs42-sfe.infd.edu.ar\/sitio\/wp-content\/uploads\/2024\/08\/Post-para-Instagram-Congreso-cristiano-Moderno-Blanco-y-negro-1-1000x1000.png 1000w, https:\/\/cs42-sfe.infd.edu.ar\/sitio\/wp-content\/uploads\/2024\/08\/Post-para-Instagram-Congreso-cristiano-Moderno-Blanco-y-negro-1-500x500.png 500w, https:\/\/cs42-sfe.infd.edu.ar\/sitio\/wp-content\/uploads\/2024\/08\/Post-para-Instagram-Congreso-cristiano-Moderno-Blanco-y-negro-1-768x768.png 768w\" sizes=\"(max-width: 1080px) 100vw, 1080px\" \/><div class=\"wp-block-cover__inner-container\">\n<p class=\"has-text-align-center has-large-font-size\"><\/p>\n<\/div><\/div>\n\n\n\n<p class=\"has-x-large-font-size\"><strong>21 de Abril de 2023<\/strong><\/p>\n\n\n\n<figure class=\"wp-block-image size-full\"><img decoding=\"async\" loading=\"lazy\" width=\"940\" height=\"788\" src=\"https:\/\/cs42-sfe.infd.edu.ar\/sitio\/wp-content\/uploads\/2023\/04\/congreso-2023-2.jpg\" alt=\"\" class=\"wp-image-1693\" srcset=\"https:\/\/cs42-sfe.infd.edu.ar\/sitio\/wp-content\/uploads\/2023\/04\/congreso-2023-2.jpg 940w, https:\/\/cs42-sfe.infd.edu.ar\/sitio\/wp-content\/uploads\/2023\/04\/congreso-2023-2-768x644.jpg 768w\" sizes=\"(max-width: 940px) 100vw, 940px\" \/><figcaption class=\"wp-element-caption\">https:\/\/forms.gle\/Qtj8saz2EzfDEdsF9<\/figcaption><\/figure>\n\n\n\n<p><\/p>\n\n\n\n<p><\/p>\n\n\n\n<h2 class=\"wp-block-heading\"><strong>12 de Septiembre de 2022<\/strong><\/h2>\n\n\n\n<p>Se desarrolla el <em><strong>Seminario: Pol\u00edticas de Ciberdefensa y Protecci\u00f3n de Datos Personales<\/strong><\/em>, promovido por el departamento de Inform\u00e1tica del Nivel Terciario T\u00e9c. en An\u00e1lisis Funcional de Sistemas Inform\u00e1ticos, el Centro de Estudiantes del Colegio Superior N\u00b0 42 y Co-Organizado por el Ministerio de Defensa de Argentina y la Sub-Secretar\u00eda de Ciberdefensa de Argentina.&nbsp;<\/p>\n\n\n\n<p>El evento de car\u00e1cter PRESENCIAL ser\u00e1 gratuito con Certificaci\u00f3n de Asistencia, destinado a Inform\u00e1ticos, Poder Judicial, Personal Administrativo, Estudiantes, Peritos, Personal Judicial, Docentes e Interesados en las tem\u00e1tica.<\/p>\n\n\n\n<p>La inscripci\u00f3n ser\u00e1 a trav\u00e9s del siguiente link&nbsp;<a href=\"https:\/\/forms.gle\/QykE9RaoTkPWn1u7A\" target=\"_blank\" rel=\"noopener\">INCRIBITE AQU\u00cd<\/a> (solicitamos que los datos consignados sean correcto para la emisi\u00f3n de certificados).<\/p>\n\n\n<div class=\"wp-block-image\">\n<figure class=\"aligncenter\"><img decoding=\"async\" loading=\"lazy\" width=\"563\" height=\"1000\" src=\"https:\/\/cs42-sfe.infd.edu.ar\/sitio\/wp-content\/uploads\/2022\/08\/WhatsApp-Image-2022-08-31-at-11.56.30-AM-563x1000.jpeg\" alt=\"\" class=\"wp-image-1606\" srcset=\"https:\/\/cs42-sfe.infd.edu.ar\/sitio\/wp-content\/uploads\/2022\/08\/WhatsApp-Image-2022-08-31-at-11.56.30-AM-563x1000.jpeg 563w, https:\/\/cs42-sfe.infd.edu.ar\/sitio\/wp-content\/uploads\/2022\/08\/WhatsApp-Image-2022-08-31-at-11.56.30-AM.jpeg 720w\" sizes=\"(max-width: 563px) 100vw, 563px\" \/><\/figure><\/div>","protected":false},"excerpt":{"rendered":"<p>Una de nuestras mayores fortalezas y orgullo sin lugar a dudas, es el poder brindar una diversidad de capacitaciones con disertantes reconocidos no solo localmente sino a nivel nacional. Estamos para para formar y dar herramientas a profesionales, estudiantes y p\u00fablico interesado; con certificaci\u00f3n avalada por el Ministerio de Educaci\u00f3n como Instituto de formaci\u00f3n docente &#8230; <a title=\"Capacitaciones\" class=\"read-more\" href=\"https:\/\/cs42-sfe.infd.edu.ar\/sitio\/capacitaciones\/\" aria-label=\"More on Capacitaciones\">[+]<\/a><\/p>\n","protected":false},"author":37,"featured_media":0,"parent":0,"menu_order":0,"comment_status":"closed","ping_status":"closed","template":"","meta":[],"acf":[],"_links":{"self":[{"href":"https:\/\/cs42-sfe.infd.edu.ar\/sitio\/wp-json\/wp\/v2\/pages\/1599"}],"collection":[{"href":"https:\/\/cs42-sfe.infd.edu.ar\/sitio\/wp-json\/wp\/v2\/pages"}],"about":[{"href":"https:\/\/cs42-sfe.infd.edu.ar\/sitio\/wp-json\/wp\/v2\/types\/page"}],"author":[{"embeddable":true,"href":"https:\/\/cs42-sfe.infd.edu.ar\/sitio\/wp-json\/wp\/v2\/users\/37"}],"replies":[{"embeddable":true,"href":"https:\/\/cs42-sfe.infd.edu.ar\/sitio\/wp-json\/wp\/v2\/comments?post=1599"}],"version-history":[{"count":9,"href":"https:\/\/cs42-sfe.infd.edu.ar\/sitio\/wp-json\/wp\/v2\/pages\/1599\/revisions"}],"predecessor-version":[{"id":1945,"href":"https:\/\/cs42-sfe.infd.edu.ar\/sitio\/wp-json\/wp\/v2\/pages\/1599\/revisions\/1945"}],"wp:attachment":[{"href":"https:\/\/cs42-sfe.infd.edu.ar\/sitio\/wp-json\/wp\/v2\/media?parent=1599"}],"curies":[{"name":"wp","href":"https:\/\/api.w.org\/{rel}","templated":true}]}}