{"id":2064,"date":"2025-05-29T20:34:48","date_gmt":"2025-05-29T23:34:48","guid":{"rendered":"https:\/\/cs42-sfe.infd.edu.ar\/sitio\/?page_id=2064"},"modified":"2025-05-29T20:34:51","modified_gmt":"2025-05-29T23:34:51","slug":"foro-publico-el-pep-vera-2030-evaluacion-en-clave-desarrollo-sostenible","status":"publish","type":"page","link":"https:\/\/cs42-sfe.infd.edu.ar\/sitio\/foro-publico-el-pep-vera-2030-evaluacion-en-clave-desarrollo-sostenible\/","title":{"rendered":"FORO P\u00daBLICO EL PEP Vera 2030: Evaluaci\u00f3n en clave Desarrollo Sostenible"},"content":{"rendered":"\n<figure class=\"wp-block-gallery has-nested-images columns-default is-cropped wp-block-gallery-1 is-layout-flex\">\n<figure class=\"wp-block-image size-large\"><img decoding=\"async\" loading=\"lazy\" width=\"1900\" height=\"800\" data-id=\"2075\"  src=\"https:\/\/cs42-sfe.infd.edu.ar\/sitio\/wp-content\/uploads\/2025\/05\/IMG_45551-1900x800.jpg\" alt=\"\" class=\"wp-image-2075\" srcset=\"https:\/\/cs42-sfe.infd.edu.ar\/sitio\/wp-content\/uploads\/2025\/05\/IMG_45551-1900x800.jpg 1900w, https:\/\/cs42-sfe.infd.edu.ar\/sitio\/wp-content\/uploads\/2025\/05\/IMG_45551-1000x421.jpg 1000w, https:\/\/cs42-sfe.infd.edu.ar\/sitio\/wp-content\/uploads\/2025\/05\/IMG_45551-768x323.jpg 768w, https:\/\/cs42-sfe.infd.edu.ar\/sitio\/wp-content\/uploads\/2025\/05\/IMG_45551-1536x647.jpg 1536w, https:\/\/cs42-sfe.infd.edu.ar\/sitio\/wp-content\/uploads\/2025\/05\/IMG_45551-2048x863.jpg 2048w\" sizes=\"(max-width: 1900px) 100vw, 1900px\" \/><\/figure>\n<\/figure>\n\n\n\n<p>El 22 de mayo, tuvo lugar en el SUM del Colegio Superior N\u00b0 42, el FORO P\u00daBLICO<br>\u00abEl PEP Vera 2030: Evaluaci\u00f3n en clave del desarrollo sostenible\u00bb.<br>El objetivo principal del mismo, fue pensar en el futuro de Vera, para ello se logr\u00f3 este espacio donde se pudo dialogar, participar y construir en conjunto un modelo de desarrollo sostenible que integre las voces de la ciudadan\u00eda, la gesti\u00f3n p\u00fablica y el saber acad\u00e9mico.<br>Con un enorme n\u00famero concurrentes alumnos, docentes, funcionarios, asociaciones y ciudadanos interesados pusieron su voz al PEP.<br>Con orgullo podemos decir que la preparaci\u00f3n de nuestros alumnos de la Tecnicatura en Administraci\u00f3n P\u00fablica fue excepcional, desarrollando temas espec\u00edficos de los ODS, exponiendo proyectos realizados en clases, haciendo pensar a todos los presentes sobre lo importante de tener un plan. Acompa\u00f1ados siempre de los profesores referentes Adela Merip, Pablo Raya y Luj\u00e1n Zanini y el resto de profesores de esta tecnicatura que sin dudas forman profesionales con todas las letras.<br>Desde el \u00e1mbito municipal expusieron Mar\u00eda Pilar Ag\u00fa del Punto Focal ODS, Jorgelina Vel\u00e1zquez Subsecretaria de Promoci\u00f3n Social y Ricardo Saavedra Subsecretario de Empleo y Producci\u00f3n, agradecimientos a ellos por destinar su profesionalismo y tiempo para acompa\u00f1ar este proyecto que, junto al Dr. Alberto Cimadamore representante del CONICET sent\u00f3 precedentes en nuestra regi\u00f3n.<br>Como instituci\u00f3n estamos comprometidos en llevar adelante actividades que fortalezcan este trabajo de investigaci\u00f3n.<\/p>\n\n\n\n<figure class=\"wp-block-gallery has-nested-images columns-default is-cropped wp-block-gallery-3 is-layout-flex\">\n<figure class=\"wp-block-image size-large\"><img decoding=\"async\" loading=\"lazy\" width=\"1280\" height=\"960\" data-id=\"2067\"  src=\"https:\/\/cs42-sfe.infd.edu.ar\/sitio\/wp-content\/uploads\/2025\/05\/IMG-20250523-WA0007-1.jpg\" alt=\"\" class=\"wp-image-2067\" srcset=\"https:\/\/cs42-sfe.infd.edu.ar\/sitio\/wp-content\/uploads\/2025\/05\/IMG-20250523-WA0007-1.jpg 1280w, https:\/\/cs42-sfe.infd.edu.ar\/sitio\/wp-content\/uploads\/2025\/05\/IMG-20250523-WA0007-1-1000x750.jpg 1000w, https:\/\/cs42-sfe.infd.edu.ar\/sitio\/wp-content\/uploads\/2025\/05\/IMG-20250523-WA0007-1-768x576.jpg 768w\" sizes=\"(max-width: 1280px) 100vw, 1280px\" \/><\/figure>\n\n\n\n<figure class=\"wp-block-image size-large\"><img decoding=\"async\" loading=\"lazy\" width=\"1425\" height=\"1900\" data-id=\"2071\"  src=\"https:\/\/cs42-sfe.infd.edu.ar\/sitio\/wp-content\/uploads\/2025\/05\/IMG_4514-1425x1900.jpg\" alt=\"\" class=\"wp-image-2071\" srcset=\"https:\/\/cs42-sfe.infd.edu.ar\/sitio\/wp-content\/uploads\/2025\/05\/IMG_4514-1425x1900.jpg 1425w, https:\/\/cs42-sfe.infd.edu.ar\/sitio\/wp-content\/uploads\/2025\/05\/IMG_4514-750x1000.jpg 750w, https:\/\/cs42-sfe.infd.edu.ar\/sitio\/wp-content\/uploads\/2025\/05\/IMG_4514-768x1024.jpg 768w, https:\/\/cs42-sfe.infd.edu.ar\/sitio\/wp-content\/uploads\/2025\/05\/IMG_4514-1152x1536.jpg 1152w, https:\/\/cs42-sfe.infd.edu.ar\/sitio\/wp-content\/uploads\/2025\/05\/IMG_4514-1536x2048.jpg 1536w, https:\/\/cs42-sfe.infd.edu.ar\/sitio\/wp-content\/uploads\/2025\/05\/IMG_4514-scaled.jpg 1920w\" sizes=\"(max-width: 1425px) 100vw, 1425px\" \/><\/figure>\n\n\n\n<figure class=\"wp-block-image size-large\"><img decoding=\"async\" loading=\"lazy\" width=\"1425\" height=\"1900\" data-id=\"2070\"  src=\"https:\/\/cs42-sfe.infd.edu.ar\/sitio\/wp-content\/uploads\/2025\/05\/IMG_4518-1425x1900.jpg\" alt=\"\" class=\"wp-image-2070\" srcset=\"https:\/\/cs42-sfe.infd.edu.ar\/sitio\/wp-content\/uploads\/2025\/05\/IMG_4518-1425x1900.jpg 1425w, https:\/\/cs42-sfe.infd.edu.ar\/sitio\/wp-content\/uploads\/2025\/05\/IMG_4518-750x1000.jpg 750w, https:\/\/cs42-sfe.infd.edu.ar\/sitio\/wp-content\/uploads\/2025\/05\/IMG_4518-768x1024.jpg 768w, https:\/\/cs42-sfe.infd.edu.ar\/sitio\/wp-content\/uploads\/2025\/05\/IMG_4518-1152x1536.jpg 1152w, https:\/\/cs42-sfe.infd.edu.ar\/sitio\/wp-content\/uploads\/2025\/05\/IMG_4518-1536x2048.jpg 1536w, https:\/\/cs42-sfe.infd.edu.ar\/sitio\/wp-content\/uploads\/2025\/05\/IMG_4518-scaled.jpg 1920w\" sizes=\"(max-width: 1425px) 100vw, 1425px\" \/><\/figure>\n\n\n\n<figure class=\"wp-block-image size-large\"><img decoding=\"async\" loading=\"lazy\" width=\"1425\" height=\"1900\" data-id=\"2069\"  src=\"https:\/\/cs42-sfe.infd.edu.ar\/sitio\/wp-content\/uploads\/2025\/05\/IMG_4493-1425x1900.jpg\" alt=\"\" class=\"wp-image-2069\" srcset=\"https:\/\/cs42-sfe.infd.edu.ar\/sitio\/wp-content\/uploads\/2025\/05\/IMG_4493-1425x1900.jpg 1425w, https:\/\/cs42-sfe.infd.edu.ar\/sitio\/wp-content\/uploads\/2025\/05\/IMG_4493-750x1000.jpg 750w, https:\/\/cs42-sfe.infd.edu.ar\/sitio\/wp-content\/uploads\/2025\/05\/IMG_4493-768x1024.jpg 768w, https:\/\/cs42-sfe.infd.edu.ar\/sitio\/wp-content\/uploads\/2025\/05\/IMG_4493-1152x1536.jpg 1152w, https:\/\/cs42-sfe.infd.edu.ar\/sitio\/wp-content\/uploads\/2025\/05\/IMG_4493-1536x2048.jpg 1536w, https:\/\/cs42-sfe.infd.edu.ar\/sitio\/wp-content\/uploads\/2025\/05\/IMG_4493-scaled.jpg 1920w\" sizes=\"(max-width: 1425px) 100vw, 1425px\" \/><\/figure>\n\n\n\n<figure class=\"wp-block-image size-large\"><img decoding=\"async\" loading=\"lazy\" width=\"1425\" height=\"1900\" data-id=\"2068\"  src=\"https:\/\/cs42-sfe.infd.edu.ar\/sitio\/wp-content\/uploads\/2025\/05\/IMG_4484-1425x1900.jpg\" alt=\"\" class=\"wp-image-2068\" srcset=\"https:\/\/cs42-sfe.infd.edu.ar\/sitio\/wp-content\/uploads\/2025\/05\/IMG_4484-1425x1900.jpg 1425w, https:\/\/cs42-sfe.infd.edu.ar\/sitio\/wp-content\/uploads\/2025\/05\/IMG_4484-750x1000.jpg 750w, https:\/\/cs42-sfe.infd.edu.ar\/sitio\/wp-content\/uploads\/2025\/05\/IMG_4484-768x1024.jpg 768w, https:\/\/cs42-sfe.infd.edu.ar\/sitio\/wp-content\/uploads\/2025\/05\/IMG_4484-1152x1536.jpg 1152w, https:\/\/cs42-sfe.infd.edu.ar\/sitio\/wp-content\/uploads\/2025\/05\/IMG_4484-1536x2048.jpg 1536w, https:\/\/cs42-sfe.infd.edu.ar\/sitio\/wp-content\/uploads\/2025\/05\/IMG_4484-scaled.jpg 1920w\" sizes=\"(max-width: 1425px) 100vw, 1425px\" \/><\/figure>\n<\/figure>\n\n\n\n<figure class=\"wp-block-gallery has-nested-images columns-default is-cropped wp-block-gallery-5 is-layout-flex\">\n<figure class=\"wp-block-image size-large\"><img decoding=\"async\" loading=\"lazy\" width=\"1425\" height=\"1900\" data-id=\"2079\"  src=\"https:\/\/cs42-sfe.infd.edu.ar\/sitio\/wp-content\/uploads\/2025\/05\/IMG_4523-1425x1900.jpg\" alt=\"\" class=\"wp-image-2079\" srcset=\"https:\/\/cs42-sfe.infd.edu.ar\/sitio\/wp-content\/uploads\/2025\/05\/IMG_4523-1425x1900.jpg 1425w, https:\/\/cs42-sfe.infd.edu.ar\/sitio\/wp-content\/uploads\/2025\/05\/IMG_4523-750x1000.jpg 750w, https:\/\/cs42-sfe.infd.edu.ar\/sitio\/wp-content\/uploads\/2025\/05\/IMG_4523-768x1024.jpg 768w, https:\/\/cs42-sfe.infd.edu.ar\/sitio\/wp-content\/uploads\/2025\/05\/IMG_4523-1152x1536.jpg 1152w, https:\/\/cs42-sfe.infd.edu.ar\/sitio\/wp-content\/uploads\/2025\/05\/IMG_4523-1536x2048.jpg 1536w, https:\/\/cs42-sfe.infd.edu.ar\/sitio\/wp-content\/uploads\/2025\/05\/IMG_4523-scaled.jpg 1920w\" sizes=\"(max-width: 1425px) 100vw, 1425px\" \/><\/figure>\n\n\n\n<figure class=\"wp-block-image size-large\"><img decoding=\"async\" loading=\"lazy\" width=\"1900\" height=\"1425\" data-id=\"2077\"  src=\"https:\/\/cs42-sfe.infd.edu.ar\/sitio\/wp-content\/uploads\/2025\/05\/IMG_4481-1-1900x1425.jpg\" alt=\"\" class=\"wp-image-2077\" srcset=\"https:\/\/cs42-sfe.infd.edu.ar\/sitio\/wp-content\/uploads\/2025\/05\/IMG_4481-1-1900x1425.jpg 1900w, https:\/\/cs42-sfe.infd.edu.ar\/sitio\/wp-content\/uploads\/2025\/05\/IMG_4481-1-1000x750.jpg 1000w, https:\/\/cs42-sfe.infd.edu.ar\/sitio\/wp-content\/uploads\/2025\/05\/IMG_4481-1-768x576.jpg 768w, https:\/\/cs42-sfe.infd.edu.ar\/sitio\/wp-content\/uploads\/2025\/05\/IMG_4481-1-1536x1152.jpg 1536w, https:\/\/cs42-sfe.infd.edu.ar\/sitio\/wp-content\/uploads\/2025\/05\/IMG_4481-1-2048x1536.jpg 2048w\" sizes=\"(max-width: 1900px) 100vw, 1900px\" \/><\/figure>\n\n\n\n<figure class=\"wp-block-image size-large\"><img decoding=\"async\" loading=\"lazy\" width=\"1425\" height=\"1900\" data-id=\"2078\"  src=\"https:\/\/cs42-sfe.infd.edu.ar\/sitio\/wp-content\/uploads\/2025\/05\/IMG_4491-2-1425x1900.jpg\" alt=\"\" class=\"wp-image-2078\" srcset=\"https:\/\/cs42-sfe.infd.edu.ar\/sitio\/wp-content\/uploads\/2025\/05\/IMG_4491-2-1425x1900.jpg 1425w, https:\/\/cs42-sfe.infd.edu.ar\/sitio\/wp-content\/uploads\/2025\/05\/IMG_4491-2-750x1000.jpg 750w, https:\/\/cs42-sfe.infd.edu.ar\/sitio\/wp-content\/uploads\/2025\/05\/IMG_4491-2-768x1024.jpg 768w, https:\/\/cs42-sfe.infd.edu.ar\/sitio\/wp-content\/uploads\/2025\/05\/IMG_4491-2-1152x1536.jpg 1152w, https:\/\/cs42-sfe.infd.edu.ar\/sitio\/wp-content\/uploads\/2025\/05\/IMG_4491-2-1536x2048.jpg 1536w, https:\/\/cs42-sfe.infd.edu.ar\/sitio\/wp-content\/uploads\/2025\/05\/IMG_4491-2-scaled.jpg 1920w\" sizes=\"(max-width: 1425px) 100vw, 1425px\" \/><\/figure>\n<\/figure>\n","protected":false},"excerpt":{"rendered":"<p>El 22 de mayo, tuvo lugar en el SUM del Colegio Superior N\u00b0 42, el FORO P\u00daBLICO\u00abEl PEP Vera 2030: Evaluaci\u00f3n en clave del desarrollo sostenible\u00bb.El objetivo principal del mismo, fue pensar en el futuro de Vera, para ello se logr\u00f3 este espacio donde se pudo dialogar, participar y construir en conjunto un modelo de &#8230; <a title=\"FORO P\u00daBLICO EL PEP Vera 2030: Evaluaci\u00f3n en clave Desarrollo Sostenible\" class=\"read-more\" href=\"https:\/\/cs42-sfe.infd.edu.ar\/sitio\/foro-publico-el-pep-vera-2030-evaluacion-en-clave-desarrollo-sostenible\/\" aria-label=\"More on FORO P\u00daBLICO EL PEP Vera 2030: Evaluaci\u00f3n en clave Desarrollo Sostenible\">[+]<\/a><\/p>\n","protected":false},"author":2141,"featured_media":0,"parent":0,"menu_order":0,"comment_status":"closed","ping_status":"closed","template":"","meta":[],"acf":[],"_links":{"self":[{"href":"https:\/\/cs42-sfe.infd.edu.ar\/sitio\/wp-json\/wp\/v2\/pages\/2064"}],"collection":[{"href":"https:\/\/cs42-sfe.infd.edu.ar\/sitio\/wp-json\/wp\/v2\/pages"}],"about":[{"href":"https:\/\/cs42-sfe.infd.edu.ar\/sitio\/wp-json\/wp\/v2\/types\/page"}],"author":[{"embeddable":true,"href":"https:\/\/cs42-sfe.infd.edu.ar\/sitio\/wp-json\/wp\/v2\/users\/2141"}],"replies":[{"embeddable":true,"href":"https:\/\/cs42-sfe.infd.edu.ar\/sitio\/wp-json\/wp\/v2\/comments?post=2064"}],"version-history":[{"count":1,"href":"https:\/\/cs42-sfe.infd.edu.ar\/sitio\/wp-json\/wp\/v2\/pages\/2064\/revisions"}],"predecessor-version":[{"id":2082,"href":"https:\/\/cs42-sfe.infd.edu.ar\/sitio\/wp-json\/wp\/v2\/pages\/2064\/revisions\/2082"}],"wp:attachment":[{"href":"https:\/\/cs42-sfe.infd.edu.ar\/sitio\/wp-json\/wp\/v2\/media?parent=2064"}],"curies":[{"name":"wp","href":"https:\/\/api.w.org\/{rel}","templated":true}]}}