{"id":286,"date":"2016-10-31T13:17:59","date_gmt":"2016-10-31T16:17:59","guid":{"rendered":"https:\/\/cs42-sfe.infd.edu.ar\/sitio\/?page_id=286"},"modified":"2025-06-19T21:36:46","modified_gmt":"2025-06-20T00:36:46","slug":"inicio","status":"publish","type":"page","link":"https:\/\/cs42-sfe.infd.edu.ar\/sitio\/","title":{"rendered":"Inicio"},"content":{"rendered":"<div id=\"metaslider-id-403\" style=\"width: 100%;\" class=\"ml-slider-3-33-0 metaslider metaslider-flex metaslider-403 ml-slider ms-theme-default\" role=\"region\" aria-roledescription=\"Slideshow\" aria-label=\"Slideshow\">\n    <div id=\"metaslider_container_403\">\n        <div id=\"metaslider_403\" class=\"flexslider\">\n            <ul aria-live=\"polite\" class=\"slides\">\n                <li style=\"display: block; width: 100%;\" class=\"slide-1140 ms-image\" aria-roledescription=\"slide\" aria-label=\"slide-1140\"><img src=\"https:\/\/cs42-sfe.infd.edu.ar\/sitio\/wp-content\/uploads\/2020\/04\/banner-carrrera3-1100x200.jpg\" height=\"200\" width=\"1100\" alt=\"\" class=\"slider-403 slide-1140\" title=\"bannercarrrera3\" \/><\/li>\n                <li style=\"display: none; width: 100%;\" class=\"slide-1378 ms-image\" aria-roledescription=\"slide\" aria-label=\"slide-1378\"><img src=\"https:\/\/cs42-sfe.infd.edu.ar\/sitio\/wp-content\/uploads\/2022\/06\/2022-1100x200.jpg\" height=\"200\" width=\"1100\" alt=\"\" class=\"slider-403 slide-1378\" title=\"para-todos\" \/><\/li>\n                <li style=\"display: none; width: 100%;\" class=\"slide-1763 ms-image\" aria-roledescription=\"slide\" aria-label=\"slide-1763\"><img src=\"https:\/\/cs42-sfe.infd.edu.ar\/sitio\/wp-content\/uploads\/2023\/05\/2d51f50d-9121-4feb-9ccd-6747d1f6eb2d-1100x200.jpg\" height=\"200\" width=\"1100\" alt=\"\" class=\"slider-403 slide-1763\" title=\"2d51f50d-9121-4feb-9ccd-6747d1f6eb2d\" \/><\/li>\n                <li style=\"display: none; width: 100%;\" class=\"slide-1764 ms-image\" aria-roledescription=\"slide\" aria-label=\"slide-1764\"><img src=\"https:\/\/cs42-sfe.infd.edu.ar\/sitio\/wp-content\/uploads\/2022\/09\/WhatsApp-Image-2022-09-14-at-21.11.57-2-1100x200.jpeg\" height=\"200\" width=\"1100\" alt=\"\" class=\"slider-403 slide-1764\" title=\"WhatsApp-Image-2022-09-14-at-21.11.57-2\" \/><\/li>\n                <li style=\"display: none; width: 100%;\" class=\"slide-1765 ms-image\" aria-roledescription=\"slide\" aria-label=\"slide-1765\"><img src=\"https:\/\/cs42-sfe.infd.edu.ar\/sitio\/wp-content\/uploads\/2023\/04\/congreso-2023-1-940x170.jpg\" height=\"200\" width=\"1100\" alt=\"\" class=\"slider-403 slide-1765\" title=\"congreso-2023-1\" \/><\/li>\n            <\/ul>\n        <\/div>\n        \n    <\/div>\n<\/div>\n<h2 style=\"text-align: center;\">\u00a1Hoy es el Foro P\u00fablico en el SUM del Colegio!<\/h2>\n<p><img decoding=\"async\" loading=\"lazy\" class=\"size-medium wp-image-2050 aligncenter\" src=\"https:\/\/cs42-sfe.infd.edu.ar\/sitio\/wp-content\/uploads\/2025\/05\/WhatsApp-Image-2025-05-22-at-18.44.20-563x1000.jpeg\" alt=\"\" width=\"563\" height=\"1000\" srcset=\"https:\/\/cs42-sfe.infd.edu.ar\/sitio\/wp-content\/uploads\/2025\/05\/WhatsApp-Image-2025-05-22-at-18.44.20-563x1000.jpeg 563w, https:\/\/cs42-sfe.infd.edu.ar\/sitio\/wp-content\/uploads\/2025\/05\/WhatsApp-Image-2025-05-22-at-18.44.20.jpeg 720w\" sizes=\"(max-width: 563px) 100vw, 563px\" \/><\/p>\n<figure id=\"attachment_1994\" aria-describedby=\"caption-attachment-1994\" style=\"width: 456px\" class=\"wp-caption aligncenter\"><img decoding=\"async\" loading=\"lazy\" class=\" wp-image-1994\" src=\"https:\/\/cs42-sfe.infd.edu.ar\/sitio\/wp-content\/uploads\/2025\/05\/Maroon-Yellow-Minimalist-School-Admission-Poster-Tu-Story.png\" alt=\"invitaci\u00f3n\" width=\"466\" height=\"829\" srcset=\"https:\/\/cs42-sfe.infd.edu.ar\/sitio\/wp-content\/uploads\/2025\/05\/Maroon-Yellow-Minimalist-School-Admission-Poster-Tu-Story.png 1080w, https:\/\/cs42-sfe.infd.edu.ar\/sitio\/wp-content\/uploads\/2025\/05\/Maroon-Yellow-Minimalist-School-Admission-Poster-Tu-Story-563x1000.png 563w, https:\/\/cs42-sfe.infd.edu.ar\/sitio\/wp-content\/uploads\/2025\/05\/Maroon-Yellow-Minimalist-School-Admission-Poster-Tu-Story-1069x1900.png 1069w, https:\/\/cs42-sfe.infd.edu.ar\/sitio\/wp-content\/uploads\/2025\/05\/Maroon-Yellow-Minimalist-School-Admission-Poster-Tu-Story-768x1365.png 768w, https:\/\/cs42-sfe.infd.edu.ar\/sitio\/wp-content\/uploads\/2025\/05\/Maroon-Yellow-Minimalist-School-Admission-Poster-Tu-Story-864x1536.png 864w\" sizes=\"(max-width: 466px) 100vw, 466px\" \/><figcaption id=\"caption-attachment-1994\" class=\"wp-caption-text\">2025<\/figcaption><\/figure>\n<p><img decoding=\"async\" loading=\"lazy\" class=\"aligncenter size-medium wp-image-1987\" src=\"https:\/\/cs42-sfe.infd.edu.ar\/sitio\/wp-content\/uploads\/2024\/09\/IMG-20240925-WA0140-707x1000.jpg\" alt=\"Feria de carreras\" width=\"707\" height=\"1000\" srcset=\"https:\/\/cs42-sfe.infd.edu.ar\/sitio\/wp-content\/uploads\/2024\/09\/IMG-20240925-WA0140-707x1000.jpg 707w, https:\/\/cs42-sfe.infd.edu.ar\/sitio\/wp-content\/uploads\/2024\/09\/IMG-20240925-WA0140-768x1087.jpg 768w, https:\/\/cs42-sfe.infd.edu.ar\/sitio\/wp-content\/uploads\/2024\/09\/IMG-20240925-WA0140.jpg 793w\" sizes=\"(max-width: 707px) 100vw, 707px\" \/><\/p>\n<p><img decoding=\"async\" loading=\"lazy\" class=\"wp-image-1919 aligncenter\" src=\"https:\/\/cs42-sfe.infd.edu.ar\/sitio\/wp-content\/uploads\/2024\/08\/Post-para-Instagram-Congreso-cristiano-Moderno-Blanco-y-negro.png\" alt=\"\" width=\"571\" height=\"571\" srcset=\"https:\/\/cs42-sfe.infd.edu.ar\/sitio\/wp-content\/uploads\/2024\/08\/Post-para-Instagram-Congreso-cristiano-Moderno-Blanco-y-negro.png 1080w, https:\/\/cs42-sfe.infd.edu.ar\/sitio\/wp-content\/uploads\/2024\/08\/Post-para-Instagram-Congreso-cristiano-Moderno-Blanco-y-negro-1000x1000.png 1000w, https:\/\/cs42-sfe.infd.edu.ar\/sitio\/wp-content\/uploads\/2024\/08\/Post-para-Instagram-Congreso-cristiano-Moderno-Blanco-y-negro-500x500.png 500w, https:\/\/cs42-sfe.infd.edu.ar\/sitio\/wp-content\/uploads\/2024\/08\/Post-para-Instagram-Congreso-cristiano-Moderno-Blanco-y-negro-768x768.png 768w\" sizes=\"(max-width: 571px) 100vw, 571px\" \/><\/p>\n<p style=\"text-align: center;\"><strong>Te invitamos a participar de esta nueva edici\u00f3n del Congreso de Educaci\u00f3n, organizado por nuestro Colegio. Record\u00e1 que es un evento absolutamente gratuito, destinado a Docentes de todo los Niveles y Alumnos de Nivel Superior.<\/strong><\/p>\n<p style=\"text-align: center;\"><strong>INSCRIPCIONES en el siguiente LINK &#8212;-&gt;&gt;&gt; https:\/\/forms.gle\/JG4wVobPchFMNEpJ9\u00a0<\/strong><\/p>\n<div style=\"width: 1024px;\" class=\"wp-video\"><!--[if lt IE 9]><script>document.createElement('video');<\/script><![endif]-->\n<video class=\"wp-video-shortcode\" id=\"video-286-1\" width=\"1024\" height=\"576\" preload=\"metadata\" controls=\"controls\"><source type=\"video\/mp4\" src=\"https:\/\/cs42-sfe.infd.edu.ar\/sitio\/wp-content\/uploads\/2024\/08\/WhatsApp-Video-2024-08-22-at-8.29.09-PM.mp4?_=1\" \/><a href=\"https:\/\/cs42-sfe.infd.edu.ar\/sitio\/wp-content\/uploads\/2024\/08\/WhatsApp-Video-2024-08-22-at-8.29.09-PM.mp4\">https:\/\/cs42-sfe.infd.edu.ar\/sitio\/wp-content\/uploads\/2024\/08\/WhatsApp-Video-2024-08-22-at-8.29.09-PM.mp4<\/a><\/video><\/div>\n<p>&nbsp;<\/p>\n<p><img decoding=\"async\" loading=\"lazy\" class=\"alignnone  wp-image-1892\" src=\"https:\/\/cs42-sfe.infd.edu.ar\/sitio\/wp-content\/uploads\/2024\/04\/1-2.jpg\" alt=\"\" width=\"458\" height=\"611\" srcset=\"https:\/\/cs42-sfe.infd.edu.ar\/sitio\/wp-content\/uploads\/2024\/04\/1-2.jpg 1698w, https:\/\/cs42-sfe.infd.edu.ar\/sitio\/wp-content\/uploads\/2024\/04\/1-2-750x1000.jpg 750w, https:\/\/cs42-sfe.infd.edu.ar\/sitio\/wp-content\/uploads\/2024\/04\/1-2-1425x1900.jpg 1425w, https:\/\/cs42-sfe.infd.edu.ar\/sitio\/wp-content\/uploads\/2024\/04\/1-2-768x1024.jpg 768w, https:\/\/cs42-sfe.infd.edu.ar\/sitio\/wp-content\/uploads\/2024\/04\/1-2-1152x1536.jpg 1152w, https:\/\/cs42-sfe.infd.edu.ar\/sitio\/wp-content\/uploads\/2024\/04\/1-2-1536x2048.jpg 1536w\" sizes=\"(max-width: 458px) 100vw, 458px\" \/> <img decoding=\"async\" loading=\"lazy\" class=\"alignnone  wp-image-1893\" src=\"https:\/\/cs42-sfe.infd.edu.ar\/sitio\/wp-content\/uploads\/2024\/04\/2-1.jpg\" alt=\"\" width=\"457\" height=\"610\" srcset=\"https:\/\/cs42-sfe.infd.edu.ar\/sitio\/wp-content\/uploads\/2024\/04\/2-1.jpg 1642w, https:\/\/cs42-sfe.infd.edu.ar\/sitio\/wp-content\/uploads\/2024\/04\/2-1-750x1000.jpg 750w, https:\/\/cs42-sfe.infd.edu.ar\/sitio\/wp-content\/uploads\/2024\/04\/2-1-1425x1900.jpg 1425w, https:\/\/cs42-sfe.infd.edu.ar\/sitio\/wp-content\/uploads\/2024\/04\/2-1-768x1024.jpg 768w, https:\/\/cs42-sfe.infd.edu.ar\/sitio\/wp-content\/uploads\/2024\/04\/2-1-1152x1536.jpg 1152w, https:\/\/cs42-sfe.infd.edu.ar\/sitio\/wp-content\/uploads\/2024\/04\/2-1-1536x2048.jpg 1536w\" sizes=\"(max-width: 457px) 100vw, 457px\" \/><\/p>\n<h1>Cumplimos 69 A\u00f1os!!!<\/h1>\n<p>Felices 69 a\u00f1os Querido Colegio Superior N 42. Y en este saludo a todos los que fueron y son parte de esta hermosa Instituci\u00f3n, Gracias!!!\u00a0<\/p>\n<p>Sus paredes, espacios, est\u00e1n llenas de hermosos recuerdos y experiencias y tambi\u00e9n de grandes luchas para ser lo que hoy somos!!!\u00a0<\/p>\n<p>Felicidades a todos los que lo llevamos en nuestros corazones.<img decoding=\"async\" loading=\"lazy\" class=\"alignnone size-medium wp-image-1887\" src=\"https:\/\/cs42-sfe.infd.edu.ar\/sitio\/wp-content\/uploads\/2024\/04\/FB_IMG_1712075577583-1000x558.jpg\" alt=\"\" width=\"1000\" height=\"558\" srcset=\"https:\/\/cs42-sfe.infd.edu.ar\/sitio\/wp-content\/uploads\/2024\/04\/FB_IMG_1712075577583-1000x558.jpg 1000w, https:\/\/cs42-sfe.infd.edu.ar\/sitio\/wp-content\/uploads\/2024\/04\/FB_IMG_1712075577583-768x429.jpg 768w, https:\/\/cs42-sfe.infd.edu.ar\/sitio\/wp-content\/uploads\/2024\/04\/FB_IMG_1712075577583.jpg 1080w\" sizes=\"(max-width: 1000px) 100vw, 1000px\" \/><\/p>\n<p>En los siguientes link el alumno de acuerdo a su carrera deber\u00e1 inscribirse en las materias que desee rendir, cualquier consulta dirigirse a secretar\u00eda:<\/p>\n<p>PROFESORADO EDUCACI\u00d3N PRIMARIA https:\/\/forms.gle\/Kg8ErZK8NMf62oFWA<\/p>\n<p>PROFESORADO de EDUCACI\u00d3N SECUNDARIA EN GEOGRAF\u00cdA https:\/\/forms.gle\/jFj4YLMjbM4wuLfU6<\/p>\n<p>PROFESORADO de EDUCACI\u00d3N SECUNDARIA EN CS. DE ADMINISTRACI\u00d3N\u00a0<\/p>\n<p>https:\/\/forms.gle\/abMK4MMcSEs2WyeCA<\/p>\n<p>TEC. SUPERIOR EN ADMINISTRACI\u00d3N P\u00daBLICA\u00a0 https:\/\/forms.gle\/Y1UrVa9iBGuNdRiA6<\/p>\n<p>TEC. SUPERIOR EN AN\u00c1LISIS FUNCIONAL DE SISTEMAS ADMINISTRATIVOS https:\/\/forms.gle\/Z2KBEHw6qJ1d8jiG9<\/p>\n<p><img decoding=\"async\" loading=\"lazy\" class=\"wp-image-1816 aligncenter\" src=\"https:\/\/cs42-sfe.infd.edu.ar\/sitio\/wp-content\/uploads\/2023\/10\/ALFABETIZACION-DIGITAL_20230923_182607_0000.jpg\" alt=\"\" width=\"291\" height=\"411\" srcset=\"https:\/\/cs42-sfe.infd.edu.ar\/sitio\/wp-content\/uploads\/2023\/10\/ALFABETIZACION-DIGITAL_20230923_182607_0000.jpg 1414w, https:\/\/cs42-sfe.infd.edu.ar\/sitio\/wp-content\/uploads\/2023\/10\/ALFABETIZACION-DIGITAL_20230923_182607_0000-707x1000.jpg 707w, https:\/\/cs42-sfe.infd.edu.ar\/sitio\/wp-content\/uploads\/2023\/10\/ALFABETIZACION-DIGITAL_20230923_182607_0000-1343x1900.jpg 1343w, https:\/\/cs42-sfe.infd.edu.ar\/sitio\/wp-content\/uploads\/2023\/10\/ALFABETIZACION-DIGITAL_20230923_182607_0000-768x1086.jpg 768w, https:\/\/cs42-sfe.infd.edu.ar\/sitio\/wp-content\/uploads\/2023\/10\/ALFABETIZACION-DIGITAL_20230923_182607_0000-1086x1536.jpg 1086w\" sizes=\"(max-width: 291px) 100vw, 291px\" \/><\/p>\n<p style=\"text-align: center;\">Inscripciones Abiertas en el Club de Abuelos &#8212;&gt;\u00a0 <a href=\"https:\/\/maps.app.goo.gl\/TJ9Pu1HY3tDJFUMV7\">Ubicaci\u00f3n<\/a><\/p>\n<p><img decoding=\"async\" loading=\"lazy\" class=\" wp-image-1683 aligncenter\" src=\"https:\/\/cs42-sfe.infd.edu.ar\/sitio\/wp-content\/uploads\/2023\/04\/congreso-2023-1.jpg\" alt=\"\" width=\"393\" height=\"329\" srcset=\"https:\/\/cs42-sfe.infd.edu.ar\/sitio\/wp-content\/uploads\/2023\/04\/congreso-2023-1.jpg 940w, https:\/\/cs42-sfe.infd.edu.ar\/sitio\/wp-content\/uploads\/2023\/04\/congreso-2023-1-768x644.jpg 768w\" sizes=\"(max-width: 393px) 100vw, 393px\" \/><\/p>\n<p style=\"text-align: center;\">Nuestro Colegio es Organizador del Congreso de Educaci\u00f3n<\/p>\n<p>&nbsp;<\/p>\n<p><img decoding=\"async\" loading=\"lazy\" class=\"size-medium wp-image-1376 aligncenter\" src=\"https:\/\/cs42-sfe.infd.edu.ar\/sitio\/wp-content\/uploads\/2022\/06\/2022-2-1000x466.jpg\" alt=\"\" width=\"1000\" height=\"466\" srcset=\"https:\/\/cs42-sfe.infd.edu.ar\/sitio\/wp-content\/uploads\/2022\/06\/2022-2-1000x466.jpg 1000w, https:\/\/cs42-sfe.infd.edu.ar\/sitio\/wp-content\/uploads\/2022\/06\/2022-2-768x358.jpg 768w, https:\/\/cs42-sfe.infd.edu.ar\/sitio\/wp-content\/uploads\/2022\/06\/2022-2.jpg 1280w\" sizes=\"(max-width: 1000px) 100vw, 1000px\" \/><\/p>\n<p><img decoding=\"async\" title=\"\" src=\"https:\/\/cs42-sfe.infd.edu.ar\/sitio\/wp-content\/uploads\/2018\/08\/linea3.png\" alt=\"\" border=\"0\" \/><\/p>\n<div><img decoding=\"async\" style=\"font-family: 'trebuchet ms', geneva; font-size: 13.3333px;\" title=\"\" src=\"https:\/\/cs42-sfe.infd.edu.ar\/sitio\/wp-content\/uploads\/2018\/08\/redinfod.png\" alt=\"\" border=\"0\" \/><span style=\"font-family: verdana, geneva; font-size: 12pt;\">Junto con mas de 800 institutos, integramos la\u00a0<strong><em>Red\u00a0Virtual de Institutos Superiores de Formaci\u00f3n Docente<\/em><\/strong>\u00a0coordinada por el\u00a0<strong>INFD\u00a0<\/strong>(Instituto Nacional de Formaci\u00f3n Docente) dependiente del Ministerio de Educaci\u00f3n de la Naci\u00f3n Argentina.\u00a0<\/span><span style=\"background-color: #f0f8ff; font-family: 'trebuchet ms', geneva; font-size: 18.6667px; text-align: center;\">Recursos para el aula:\u00a0<\/span><img decoding=\"async\" loading=\"lazy\" class=\"\" style=\"border: 0;\" title=\"Canal Encuentro\" src=\"https:\/\/cs42-sfe.infd.edu.ar\/sitio\/wp-content\/uploads\/2018\/08\/caja_encuentro_1.png\" alt=\"Canal Encuentro\" width=\"81\" height=\"63\" border=\"0\" \/><img decoding=\"async\" loading=\"lazy\" class=\"\" style=\"border: 0;\" title=\"EducAR\" src=\"https:\/\/cs42-sfe.infd.edu.ar\/sitio\/wp-content\/uploads\/2018\/08\/caja_educar_1.png\" alt=\"EducAR\" width=\"90\" height=\"61\" border=\"0\" \/><img decoding=\"async\" loading=\"lazy\" class=\"\" style=\"font-family: 'trebuchet ms', geneva; font-size: 18.6667px; text-align: center; background-color: #f0f8ff;\" title=\"El Monitor\" src=\"https:\/\/cs42-sfe.infd.edu.ar\/sitio\/wp-content\/uploads\/2018\/08\/caja_monitor_1.png\" alt=\"El Monitor\" width=\"85\" height=\"60\" border=\"0\" \/><img decoding=\"async\" loading=\"lazy\" class=\"\" style=\"font-family: 'trebuchet ms', geneva; font-size: 18.6667px; text-align: center; background-color: #f0f8ff;\" title=\"Repositorio Institucional\" src=\"https:\/\/cs42-sfe.infd.edu.ar\/sitio\/wp-content\/uploads\/2018\/08\/caja_repo_1.png\" alt=\"Repositorio Institucional\" width=\"116\" height=\"72\" border=\"0\" \/><\/p>\n<div><img decoding=\"async\" title=\"\" src=\"https:\/\/cs42-sfe.infd.edu.ar\/sitio\/wp-content\/uploads\/2018\/08\/linea2.png\" alt=\"\" border=\"0\" \/><\/div>\n<\/div>\n","protected":false},"excerpt":{"rendered":"<p>\u00a1Hoy es el Foro P\u00fablico en el SUM del Colegio! Te invitamos a participar de esta nueva edici\u00f3n del Congreso de Educaci\u00f3n, organizado por nuestro Colegio. Record\u00e1 que es un evento absolutamente gratuito, destinado a Docentes de todo los Niveles y Alumnos de Nivel Superior. INSCRIPCIONES en el siguiente LINK &#8212;-&gt;&gt;&gt; https:\/\/forms.gle\/JG4wVobPchFMNEpJ9\u00a0 &nbsp; Cumplimos 69 &#8230; <a title=\"Inicio\" class=\"read-more\" href=\"https:\/\/cs42-sfe.infd.edu.ar\/sitio\/\" aria-label=\"More on Inicio\">[+]<\/a><\/p>\n","protected":false},"author":1,"featured_media":0,"parent":0,"menu_order":0,"comment_status":"closed","ping_status":"closed","template":"","meta":[],"acf":[],"_links":{"self":[{"href":"https:\/\/cs42-sfe.infd.edu.ar\/sitio\/wp-json\/wp\/v2\/pages\/286"}],"collection":[{"href":"https:\/\/cs42-sfe.infd.edu.ar\/sitio\/wp-json\/wp\/v2\/pages"}],"about":[{"href":"https:\/\/cs42-sfe.infd.edu.ar\/sitio\/wp-json\/wp\/v2\/types\/page"}],"author":[{"embeddable":true,"href":"https:\/\/cs42-sfe.infd.edu.ar\/sitio\/wp-json\/wp\/v2\/users\/1"}],"replies":[{"embeddable":true,"href":"https:\/\/cs42-sfe.infd.edu.ar\/sitio\/wp-json\/wp\/v2\/comments?post=286"}],"version-history":[{"count":192,"href":"https:\/\/cs42-sfe.infd.edu.ar\/sitio\/wp-json\/wp\/v2\/pages\/286\/revisions"}],"predecessor-version":[{"id":2172,"href":"https:\/\/cs42-sfe.infd.edu.ar\/sitio\/wp-json\/wp\/v2\/pages\/286\/revisions\/2172"}],"wp:attachment":[{"href":"https:\/\/cs42-sfe.infd.edu.ar\/sitio\/wp-json\/wp\/v2\/media?parent=286"}],"curies":[{"name":"wp","href":"https:\/\/api.w.org\/{rel}","templated":true}]}}