{"id":761,"date":"2018-08-31T16:07:14","date_gmt":"2018-08-31T19:07:14","guid":{"rendered":"https:\/\/cs42-sfe.infd.edu.ar\/sitio\/nuestra-comunidad\/"},"modified":"2019-07-04T17:32:31","modified_gmt":"2019-07-04T20:32:31","slug":"nuestra-comunidad","status":"publish","type":"page","link":"https:\/\/cs42-sfe.infd.edu.ar\/sitio\/nuestra-comunidad\/","title":{"rendered":"Nuestra Comunidad"},"content":{"rendered":"<p><img decoding=\"async\" loading=\"lazy\" class=\"\" src=\"https:\/\/upload.wikimedia.org\/wikipedia\/commons\/thumb\/f\/f1\/Vera_%28Provincia_de_Santa_Fe_-_Argentina%29.svg\/1200px-Vera_%28Provincia_de_Santa_Fe_-_Argentina%29.svg.png\" alt=\"Resultado de imagen para vera santa fe mapa\" width=\"210\" height=\"280\" \/>\u00a0 \u00a0 \u00a0 \u00a0 \u00a0 \u00a0 \u00a0 \u00a0 \u00a0 \u00a0 \u00a0 \u00a0 \u00a0 \u00a0 \u00a0 \u00a0 \u00a0 \u00a0 \u00a0 \u00a0 \u00a0 \u00a0 \u00a0 \u00a0 \u00a0 \u00a0 \u00a0 \u00a0 \u00a0<img decoding=\"async\" src=\"https:\/\/upload.wikimedia.org\/wikipedia\/commons\/thumb\/0\/00\/Municipio_de_Vera.jpg\/131px-Municipio_de_Vera.jpg\" alt=\"Resultado de imagen para vera santa fe mapa\" \/><\/p>\n<p>Departamento Vera, en la Provincia de Santa Fe.\u00a0 \u00a0 \u00a0 \u00a0 \u00a0 \u00a0 \u00a0 \u00a0La ciudad de Vera, en el Departamento<\/p>\n<p><b>Vera<\/b>\u00a0es un municipio del\u00a0<a title=\"Departamento Vera\" href=\"https:\/\/es.wikipedia.org\/wiki\/Departamento_Vera\">departamento<\/a> <a title=\"Departamento Vera\" href=\"https:\/\/es.wikipedia.org\/wiki\/Departamento_Vera\">Vera<\/a>,\u00a0<a title=\"Provincia de Santa Fe\" href=\"https:\/\/es.wikipedia.org\/wiki\/Provincia_de_Santa_Fe\">provincia de Santa Fe<\/a>,\u00a0<a title=\"Argentina\" href=\"https:\/\/es.wikipedia.org\/wiki\/Argentina\">Argentina<\/a>. La ciudad es la cabecera de dicho departamento y dista 256\u00a0<a class=\"mw-redirect\" title=\"Km\" href=\"https:\/\/es.wikipedia.org\/wiki\/Km\">km<\/a>\u00a0al norte de la capital de la provincia, a 705 al norte de\u00a0<a title=\"Buenos Aires\" href=\"https:\/\/es.wikipedia.org\/wiki\/Buenos_Aires\">Buenos Aires<\/a>, sobre la\u00a0<a title=\"Ruta Nacional 11 (Argentina)\" href=\"https:\/\/es.wikipedia.org\/wiki\/Ruta_Nacional_11_(Argentina)\">RN 11<\/a>, a la altura del km 722.<\/p>\n<p>En sus comienzos se llam\u00f3\u00a0<b>La Curva<\/b>, por una desviaci\u00f3n que hac\u00eda el ferrocarril en la zona. Sus primeros habitantes, luego de una intervenci\u00f3n contra los habitantes originarios del lugar, fueron changarines y comerciantes surgidos alrededor de las v\u00edas del tren.<\/p>\n<p>En\u00a0<a title=\"1892\" href=\"https:\/\/es.wikipedia.org\/wiki\/1892\">1892<\/a>, el terrateniente del lugar Eugenio Alem\u00e1n, presenta los planos para la fundaci\u00f3n de un pueblo, la cual es aprobada por el gobernador Dr. Cafferatta con fecha 23 de junio de 1892. Al trazado original se le adhirieron terrenos donados por Luciano Leiva al sur y de Arronga al este. La localidad tuvo varios nombres: La Curva, Jobson, Jobson Vera, Gobernador Vera y finalmente Vera.<\/p>\n<p>El 18 de enero de 1894 se crea la comunca, y el 24 de junio de 1954 el Municipio, siendo en ese momento Presidente de la comuna el Sr. Jose Garcia Blasco transform\u00e1ndose en primer Intendente del nuevo municipio y el primer Comisario Mayor de la Ciudad fue el Sr. Carlos Ca\u00f1ete que en esa \u00e9poca administr\u00f3 la justicia en la ciudad.<\/p>\n<p>Cuenta con 20.509 habitantes (<a title=\"Instituto Nacional de Estad\u00edstica y Censos (Argentina)\" href=\"https:\/\/es.wikipedia.org\/wiki\/Instituto_Nacional_de_Estad%C3%ADstica_y_Censos_(Argentina)\">INDEC<\/a>,\u00a0<a title=\"Censo argentino de 2010\" href=\"https:\/\/es.wikipedia.org\/wiki\/Censo_argentino_de_2010\">2010<\/a>), lo que representa un incremento del 7% frente a los 17.825 habitantes (<a title=\"Instituto Nacional de Estad\u00edstica y Censos (Argentina)\" href=\"https:\/\/es.wikipedia.org\/wiki\/Instituto_Nacional_de_Estad%C3%ADstica_y_Censos_(Argentina)\">INDEC<\/a>,\u00a0<a title=\"Censo argentino de 2001\" href=\"https:\/\/es.wikipedia.org\/wiki\/Censo_argentino_de_2001\">2001<\/a>) del censo anterior.<\/p>\n<p>&nbsp;<\/p>\n","protected":false},"excerpt":{"rendered":"<p>\u00a0 \u00a0 \u00a0 \u00a0 \u00a0 \u00a0 \u00a0 \u00a0 \u00a0 \u00a0 \u00a0 \u00a0 \u00a0 \u00a0 \u00a0 \u00a0 \u00a0 \u00a0 \u00a0 \u00a0 \u00a0 \u00a0 \u00a0 \u00a0 \u00a0 \u00a0 \u00a0 \u00a0 \u00a0 Departamento Vera, en la Provincia de Santa Fe.\u00a0 \u00a0 \u00a0 \u00a0 \u00a0 \u00a0 \u00a0 \u00a0La ciudad de Vera, en el Departamento Vera\u00a0es un municipio del\u00a0departamento Vera,\u00a0provincia &#8230; <a title=\"Nuestra Comunidad\" class=\"read-more\" href=\"https:\/\/cs42-sfe.infd.edu.ar\/sitio\/nuestra-comunidad\/\" aria-label=\"More on Nuestra Comunidad\">[+]<\/a><\/p>\n","protected":false},"author":21,"featured_media":0,"parent":0,"menu_order":0,"comment_status":"closed","ping_status":"closed","template":"","meta":[],"acf":[],"_links":{"self":[{"href":"https:\/\/cs42-sfe.infd.edu.ar\/sitio\/wp-json\/wp\/v2\/pages\/761"}],"collection":[{"href":"https:\/\/cs42-sfe.infd.edu.ar\/sitio\/wp-json\/wp\/v2\/pages"}],"about":[{"href":"https:\/\/cs42-sfe.infd.edu.ar\/sitio\/wp-json\/wp\/v2\/types\/page"}],"author":[{"embeddable":true,"href":"https:\/\/cs42-sfe.infd.edu.ar\/sitio\/wp-json\/wp\/v2\/users\/21"}],"replies":[{"embeddable":true,"href":"https:\/\/cs42-sfe.infd.edu.ar\/sitio\/wp-json\/wp\/v2\/comments?post=761"}],"version-history":[{"count":3,"href":"https:\/\/cs42-sfe.infd.edu.ar\/sitio\/wp-json\/wp\/v2\/pages\/761\/revisions"}],"predecessor-version":[{"id":814,"href":"https:\/\/cs42-sfe.infd.edu.ar\/sitio\/wp-json\/wp\/v2\/pages\/761\/revisions\/814"}],"wp:attachment":[{"href":"https:\/\/cs42-sfe.infd.edu.ar\/sitio\/wp-json\/wp\/v2\/media?parent=761"}],"curies":[{"name":"wp","href":"https:\/\/api.w.org\/{rel}","templated":true}]}}