{"id":778,"date":"2018-08-31T16:07:16","date_gmt":"2018-08-31T19:07:16","guid":{"rendered":"https:\/\/cs42-sfe.infd.edu.ar\/sitio\/docentes-profesorado-en-ciencias-de-la-administracion\/"},"modified":"2025-09-16T21:20:27","modified_gmt":"2025-09-17T00:20:27","slug":"docentes-profesorado-en-ciencias-de-la-administracion","status":"publish","type":"page","link":"https:\/\/cs42-sfe.infd.edu.ar\/sitio\/docentes-profesorado-en-ciencias-de-la-administracion\/","title":{"rendered":"Profesorado de Educaci\u00f3n secundaria en Ciencias de la Administraci\u00f3n \/Plan 2090\/15"},"content":{"rendered":"\n<figure class=\"wp-block-image size-full is-resized\"><img decoding=\"async\" loading=\"lazy\" src=\"https:\/\/cs42-sfe.infd.edu.ar\/sitio\/wp-content\/uploads\/2025\/09\/administracionEmpresas.jpg\" alt=\"\" class=\"wp-image-2434\" width=\"1019\" height=\"586\" srcset=\"https:\/\/cs42-sfe.infd.edu.ar\/sitio\/wp-content\/uploads\/2025\/09\/administracionEmpresas.jpg 870w, https:\/\/cs42-sfe.infd.edu.ar\/sitio\/wp-content\/uploads\/2025\/09\/administracionEmpresas-768x441.jpg 768w\" sizes=\"(max-width: 1019px) 100vw, 1019px\" \/><\/figure>\n\n\n\n<hr class=\"wp-block-separator has-alpha-channel-opacity\"\/>\n\n\n\n<p>Las Ciencias de la Administraci\u00f3n abarcan saberes cient\u00edficos, t\u00e9cnicos, culturales y human\u00edsticos; incluyen modos de proceder, normas pol\u00edticas, jur\u00eddicas y econ\u00f3micas, lenguajes y estilos de comunicaci\u00f3n. Los continuos y profundos cambios que est\u00e1n teniendo lugar en la econom\u00eda mundial, las diversas evoluciones en materia social y tecnol\u00f3gica, provocan alteraciones en el comportamiento organizacional, que llevan a la necesidad de replantear y generar nuevos conceptos en relaci\u00f3n a la dimensi\u00f3n humana en las organizaciones. Generar conciencia de la condici\u00f3n humana, implica saberse parte de un complejo entramado, al cual se aporta en una inevitable relaci\u00f3n de interdependencia y a partir del cual se puede fundar el sentido de vivir y de aprender a vivir juntos. Es importante reconocer que la Administraci\u00f3n es de inter\u00e9s estrat\u00e9gico para las Ciencias Sociales y la ciudadan\u00eda en general, y no s\u00f3lo objeto de profesionales o gobernantes. El estudio cient\u00edfico del comportamiento organizacional proporciona elementos que permiten explicar, pronosticar y conducir optimizando recursos en pos de objetivos que no pueden dejar de promover y difundir el concepto y la pr\u00e1ctica de la responsabilidad social como manera concreta de contribuir al logro del desarrollo sostenible, promoviendo una verdadera transformaci\u00f3n en valores, cultura \u00e9tica, transparencia y participaci\u00f3n activa de todos los actores sociales.<\/p>\n\n\n\n<hr class=\"wp-block-separator has-alpha-channel-opacity\"\/>\n\n\n\n<p><strong>PLAN DE ESTUDIO:<\/strong><\/p>\n\n\n\n<figure class=\"wp-block-table\"><table><tbody><tr><td><span style=\"color: #0000ff;\">Espacio Curricular &#8211; 1\u00ba a\u00f1o<\/span><\/td><td><span style=\"color: #0000ff;\">Docente<\/span><\/td><\/tr><tr><td>CONSTRUCCI\u00d3N DE CIUDADAN\u00cdA<\/td><td>FERREYRA, MAR\u00cdA JOS\u00c9<\/td><\/tr><tr><td>MATEM\u00c1TICA<\/td><td>CHAPERO, MAR\u00cdA VIRGINIA<\/td><\/tr><tr><td>&nbsp;PEDAGOG\u00cdA<\/td><td>G\u00d3MEZ, MIGUEL \u00c1NGEL<\/td><\/tr><tr><td>&nbsp;UCCV (SOCIOLOG\u00cdA)<\/td><td>G\u00d3MEZ, MIGUEL \u00c1NGEL<\/td><\/tr><tr><td>&nbsp;PR\u00c1CTICA DOCENTE<\/td><td>G\u00d3MEZ, MIGUEL \u00c1NGEL \/ WEKID ROSA ESTHER<\/td><\/tr><tr><td>&nbsp;HISTORIA ECON\u00d3MICA<\/td><td>PIGHIN, WALTER LIONEL<\/td><\/tr><tr><td>&nbsp;ADMINISTRACI\u00d3N GENERAL<\/td><td>ROSSA, CAROLINA<\/td><\/tr><tr><td>&nbsp;SISTEMAS DE INFORMACI\u00d3N CONTABLE I<\/td><td>WEKID, ROSA E<\/td><\/tr><tr><td>&nbsp;ADMINISTRACI\u00d3N I<\/td><td>WEKID, ROSA E<\/td><\/tr><tr><td><span style=\"color: #0000ff;\">&nbsp;Espacio Curricular &#8211; 2\u00ba a\u00f1o<\/span><\/td><td><span style=\"color: #0000ff;\">Docente<\/span><\/td><\/tr><tr><td>&nbsp;INSTITUCIONES EDUCATIVAS<\/td><td>GOMEZ, MIGUEL ANGEL<\/td><\/tr><tr><td>&nbsp;DIDACTICA Y CURR\u00cdCULUM<\/td><td>REPETTO, CAROLINA<\/td><\/tr><tr><td>PSICOLOG\u00cdA Y EDUCACI\u00d3N<\/td><td>BASILUK, NANCY<\/td><\/tr><tr><td>ADMINISTRACI\u00d3N II<\/td><td>CORCHUELO DE LA PE\u00d1A&nbsp; AGNES<\/td><\/tr><tr><td>&nbsp;SISTEMA DE INFORMACI\u00d3N CONTABLE II<\/td><td>WEKID, ROSA ESTHER<\/td><\/tr><tr><td>&nbsp;DERECHO I<\/td><td>&nbsp;BAZAN, J\u00c9SICA<\/td><\/tr><tr><td>ECONOM\u00cdA<\/td><td>MART\u00cdNEZ, SOLEDAD<\/td><\/tr><tr><td>&nbsp;ESTAD\u00cdSTICA APLICADA<\/td><td>CHAPERO, MAR\u00cdA VIRGINIA<\/td><\/tr><tr><td>DID\u00c1CTICA DE LA ADMINISTRACI\u00d3N I<\/td><td>ROSSA, CAROLINA<\/td><\/tr><tr><td>PRACTICA DOCENTE II<\/td><td>GOMEZ MIGUEL A \/CRISTALDO SANDRA<\/td><\/tr><tr><td><span style=\"color: #0000ff;\">Espacio curricular 3ero&nbsp;<\/span><\/td><td><span style=\"color: #0000ff;\">Docentes<\/span><\/td><\/tr><tr><td>HISTORIA Y POLITICA DE LA EDUCACI\u00d3N ARGENTINA<\/td><td>BASILUK, NANCY<\/td><\/tr><tr><td>FILOSOFIA<\/td><td>FERREYRA, MAR\u00cdA JOSE<\/td><\/tr><tr><td>METODOLOG\u00cdA DE LA INVESTIGACI\u00d3N<\/td><td>FERREYRA, MAR\u00cdA JOSE<\/td><\/tr><tr><td>ADMINISTRACI\u00d3N III<\/td><td>MARTINEZ, SOLEDAD<\/td><\/tr><tr><td>SISTEMA DE INFORMACI\u00d3N CONTABLE III<\/td><td>WEKID, ROSA E<\/td><\/tr><tr><td>PR\u00c1CTICA IMPOSITIVA LABORAL<\/td><td>WEKID, ROSA E<\/td><\/tr><tr><td>DERECHO II<\/td><td>ALFIERI, JULIA<\/td><\/tr><tr><td>DID\u00c1CTICA DE LA ASMINISTRACI\u00d3N II<\/td><td>ORELLANO YANINA<\/td><\/tr><tr><td>SUJETOS DE LA EDUCACI\u00d3N SECUNDARIA<\/td><td>BASILUK, NANCY<\/td><\/tr><tr><td>PR\u00c1CTICA DOCENTE III<\/td><td>MARTINEZ, SOLEDAD \/ BASILUK NANCY<\/td><\/tr><tr><td>PRODUCCI\u00d3N DE RECURSOS DID\u00c1CTICOS<\/td><td>SAUCEDO, CECILIA<\/td><\/tr><tr><td><span style=\"color: #0000ff;\">Espacio curricular 4to a\u00f1o<\/span><\/td><td><span style=\"color: #0000ff;\">Docentes<\/span><\/td><\/tr><tr><td>ETICA Y TRABAJO DOCENTE<\/td><td>GOMEZ, MIGUEL A<\/td><\/tr><tr><td>EDUCACION SEXUAL INTEGRAL<\/td><td>WEKID MARIA CRISTINA<\/td><\/tr><tr><td>UCCV- COMUNICACI\u00d3N SOCIAL<\/td><td>KEES, MARIANA<\/td><\/tr><tr><td>ADMINISTRACI\u00d3N IV<\/td><td>MARTINEZ, SOLEDAD<\/td><\/tr><tr><td>GESTION ORGANIZACIONAL<\/td><td>LACOMBE, VER\u00d3NICA<\/td><\/tr><tr><td>MATEMATICA FINANCIERA<\/td><td>SAUCEDO, CECILIA<\/td><\/tr><tr><td>PR\u00c1CTICA DE INVESTIGACI\u00d3N<\/td><td>CORCHUELO DE LA PE\u00d1A, AGNES \/SAUCEDO CECILIA<\/td><\/tr><tr><td>PR\u00c1CTICA DOCENTE IV \/ RESIDENCIA<\/td><td>ROSSA, CAROLINA \/FERREYRA MA JOS\u00c9<\/td><\/tr><tr><td>PRODUCCI\u00d3N DE RECURSOS DID\u00c1CTICOS II<\/td><td>SARRAMONA GRACIELA<\/td><\/tr><tr><td>UDI<\/td><td>ARROYO, RICARDO<\/td><\/tr><\/tbody><\/table><\/figure>\n\n\n\n<hr class=\"wp-block-separator has-alpha-channel-opacity\"\/>\n\n\n\n<p><em><strong>Plan de estudios<\/strong><\/em><\/p>\n\n\n\n<p><a href=\"https:\/\/cs42-sfe.infd.edu.ar\/sitio\/wp-content\/uploads\/2020\/03\/RM_2090-_15_ANEXO_ANEXO_III_Administracion.pdf\">Administracion P\u00fablica<\/a><\/p>\n","protected":false},"excerpt":{"rendered":"<p>Las Ciencias de la Administraci\u00f3n abarcan saberes cient\u00edficos, t\u00e9cnicos, culturales y human\u00edsticos; incluyen modos de proceder, normas pol\u00edticas, jur\u00eddicas y econ\u00f3micas, lenguajes y estilos de comunicaci\u00f3n. Los continuos y profundos cambios que est\u00e1n teniendo lugar en la econom\u00eda mundial, las diversas evoluciones en materia social y tecnol\u00f3gica, provocan alteraciones en el comportamiento organizacional, que llevan &#8230; <a title=\"Profesorado de Educaci\u00f3n secundaria en Ciencias de la Administraci\u00f3n \/Plan 2090\/15\" class=\"read-more\" href=\"https:\/\/cs42-sfe.infd.edu.ar\/sitio\/docentes-profesorado-en-ciencias-de-la-administracion\/\" aria-label=\"More on Profesorado de Educaci\u00f3n secundaria en Ciencias de la Administraci\u00f3n \/Plan 2090\/15\">[+]<\/a><\/p>\n","protected":false},"author":21,"featured_media":0,"parent":0,"menu_order":0,"comment_status":"closed","ping_status":"closed","template":"","meta":[],"acf":[],"_links":{"self":[{"href":"https:\/\/cs42-sfe.infd.edu.ar\/sitio\/wp-json\/wp\/v2\/pages\/778"}],"collection":[{"href":"https:\/\/cs42-sfe.infd.edu.ar\/sitio\/wp-json\/wp\/v2\/pages"}],"about":[{"href":"https:\/\/cs42-sfe.infd.edu.ar\/sitio\/wp-json\/wp\/v2\/types\/page"}],"author":[{"embeddable":true,"href":"https:\/\/cs42-sfe.infd.edu.ar\/sitio\/wp-json\/wp\/v2\/users\/21"}],"replies":[{"embeddable":true,"href":"https:\/\/cs42-sfe.infd.edu.ar\/sitio\/wp-json\/wp\/v2\/comments?post=778"}],"version-history":[{"count":11,"href":"https:\/\/cs42-sfe.infd.edu.ar\/sitio\/wp-json\/wp\/v2\/pages\/778\/revisions"}],"predecessor-version":[{"id":2445,"href":"https:\/\/cs42-sfe.infd.edu.ar\/sitio\/wp-json\/wp\/v2\/pages\/778\/revisions\/2445"}],"wp:attachment":[{"href":"https:\/\/cs42-sfe.infd.edu.ar\/sitio\/wp-json\/wp\/v2\/media?parent=778"}],"curies":[{"name":"wp","href":"https:\/\/api.w.org\/{rel}","templated":true}]}}