{"id":788,"date":"2018-08-31T16:07:19","date_gmt":"2018-08-31T19:07:19","guid":{"rendered":"https:\/\/cs42-sfe.infd.edu.ar\/sitio\/historia\/"},"modified":"2020-04-07T12:00:46","modified_gmt":"2020-04-07T15:00:46","slug":"historia","status":"publish","type":"page","link":"https:\/\/cs42-sfe.infd.edu.ar\/sitio\/historia\/","title":{"rendered":"Historia &#8211;"},"content":{"rendered":"<p style=\"text-align: justify;\">\u00a0\u00a0 <span style=\"font-family: verdana,geneva; font-size: 10pt;\">El actual <strong>COLEGIO SUPERIOR N\u00ba 42 \u00bb Dr. AGUSTIN LUIS ROSSI\u00bb<\/strong>, naci\u00f3 como establecimiento privado, funcionando en dicho car\u00e1cter desde el 02 de Abril de 1955 hasta el 20 de Mayo de 1959 con el nombre de Instituto Jobson.<\/span><\/p>\n<p style=\"text-align: justify;\"><span style=\"font-family: verdana,geneva; font-size: 10pt;\">\u00a0\u00a0 A partir del 20 de Mayo de 1959, por <strong>LEY NACIONAL N\u00ba 14537<\/strong> se oficializa con la denominaci\u00f3n de <strong>COLEGIO NACIONAL MIXTO<\/strong> con el objetivo de formar bachilleres.<\/span><br \/>\n<span style=\"font-family: verdana,geneva; font-size: 10pt;\">\u00a0\u00a0\u00a0 El 21 de Mayo de 1990 el establecimiento se convierte en <strong>UNIDAD ACAD\u00c9MICA<\/strong> al anexarle el 1\u00ba a\u00f1o de<strong> NIVEL TERCIARIO<\/strong> de la carrera de \u00ab<em>T\u00e9cnico Superior en Producci\u00f3n Agr\u00edcola-Ganadera<\/em>\u00ab, bajo <strong>RESOLUCI\u00d3N MINISTERIAL N\u00ba 429\/90<\/strong> de NACION que fue solicitada como \u00bb Carrera de T\u00e9rmino\u00bb para poder cambiar por otra, respondiendo a las demandas de la zona. En esta oportunidad adopta la denominaci\u00f3n de<strong> COLEGIO NACIONAL SUPERIOR \u00abDR. AGUSTIN LUIS ROSSI\u00bb<\/strong>, convirti\u00e9ndose en Unidad Acad\u00e9mica.<\/span><\/p>\n<p style=\"text-align: justify;\"><span style=\"font-family: verdana,geneva; font-size: 10pt;\">\u00a0\u00a0 Luego por Ley Provincial N\u00ba 11158 es transferido a la jurisdicci\u00f3n Santa Fe el 24 de Marzo de 1994.<\/span><\/p>\n<p style=\"text-align: justify;\"><span style=\"font-family: verdana,geneva; font-size: 10pt;\">\u00a0 \u00a0Como estaba previsto, el 10 de Abril de 1995, las horas de la carrera t\u00e9cnica antes mencionada, pasan a una nueva:\u00bbProfesorado de nivel Pre-Primario\u00bb (Plan de estudio Dcto. 830\/86), siendo su \u00faltima cohorte en el a\u00f1o 2002.\u00a0<\/span><\/p>\n<p style=\"text-align: justify;\"><span style=\"font-family: verdana,geneva; font-size: 10pt;\">Desde el a\u00f1o 2003 se ofrecen carreras t\u00e9cnicas dependientes del INET, pertenecientes al Plan 3010\/02, t\u00edtulos con reconocimiento nacional: \u00abT\u00e9cnico superior en gesti\u00f3n de las Organizaciones\u00bb incorpor\u00e1ndose al a\u00f1o siguiente las ofertas \u00abT\u00e9cnico superior en Administraci\u00f3n de Empresas\u00bb, \u00abT\u00e9cnico superior en inform\u00e1tica aplicada\u00bb y \u00abProgramado en sistemas administrativos\u00bb respondiendo a un plan institucional de retenci\u00f3n e inclusi\u00f3n.\u00a0<\/span><\/p>\n<p style=\"text-align: justify;\"><span style=\"font-family: verdana,geneva; font-size: 10pt;\">Desde 2015 se incorpora nuevamente una carrera de Formaci\u00f3n Docente \u00abProfesorado de Educaci\u00f3n secundaria en Administraci\u00f3n\u00bb, pasando a ser Instituto superior de formaci\u00f3n mixta (formaci\u00f3n t\u00e9cnica y docente).\u00a0<\/span><\/p>\n<p>En el a\u00f1o 2016 se plantea desde el instituto la necesidad de nuevas oportunidades\u00a0 y la de no saturar el mercado laboral, brindando la oferta \u00abT\u00e9cnica superior en gesti\u00f3n de las organizaciones &#8211; Plan 378\/15\u00bb, con el cierre la T\u00e9cnica superior en Administraci\u00f3n p\u00fablica. Progresivamente se llev\u00f3 adelante el cambio curricular, atendiendo a las necesidades de formaci\u00f3n de Vera\u00a0 y zona. La oferta educativa de formaci\u00f3n t\u00e9cnica es \u00abT\u00e9cnica superior en An\u00e1lisis funcional de sistemas inform\u00e1ticos\u00bb &#8211; PLan 2120\/15 y \u00abT\u00e9cnico superior en Administraci\u00f3n p\u00fablica\u00bb- Plan 1226\/15.<\/p>\n<p>A\u00f1o 2017, siguiendo con el objetivo de ofrecer nuevas oportunidades que respondan a las necesidades del mercado laboral de Vera y zona, se plantea la posibilidad de ofrecer la formaci\u00f3n \u00abT\u00e9cnico Superior en Administraci\u00f3n P\u00fablica &#8211; Plan 1226\/15\u00bb atendiendo a los ejes de la pol\u00edtica provincial de tener mano de obra especializada. Y siendo que este oferta solo est\u00e1 presente en dos localidades de la Provincia de Santa Fe. Al mismo tiempo, luego de un trabajo continuo con las escuelas secundarias, se solicita la apertura\u00a0 del profesorado de Educaci\u00f3n Secundaria en Geograf\u00eda, como modalidad c\u00edclica.<\/p>\n<p>En el a\u00f1o 2018, se abre la carrera\u00a0\u00abT\u00e9cnico Superior en Administraci\u00f3n P\u00fablica &#8211; Plan 1226\/15\u00bb, con una matr\u00edcula de 200 alumnos aproximadamente, sosteniendo las horas institucionales y los perfiles necesarios, a trav\u00e9s del cambio curricular con la carrera\u00a0\u00abT\u00e9cnica superior en gesti\u00f3n de las organizaciones &#8211; Plan 378\/15&#8243;. En el a\u00f1o 2019 con una matr\u00edcula similar, se solicita otra divisi\u00f3n para primer a\u00f1o, otorgada en el mes de junio del corriente.<\/p>\n<p>Luego de varios informes y an\u00e1lisis de horas, perfiles necesarios, en el a\u00f1o 2020 se ofrece la Carrera Profesora de Educaci\u00f3n Secundaria en Geograf\u00eda &#8211; Plan 2090\/15\u00bb.<\/p>\n<p>&nbsp;<\/p>\n","protected":false},"excerpt":{"rendered":"<p>\u00a0\u00a0 El actual COLEGIO SUPERIOR N\u00ba 42 \u00bb Dr. AGUSTIN LUIS ROSSI\u00bb, naci\u00f3 como establecimiento privado, funcionando en dicho car\u00e1cter desde el 02 de Abril de 1955 hasta el 20 de Mayo de 1959 con el nombre de Instituto Jobson. \u00a0\u00a0 A partir del 20 de Mayo de 1959, por LEY NACIONAL N\u00ba 14537 se &#8230; <a title=\"Historia &#8211;\" class=\"read-more\" href=\"https:\/\/cs42-sfe.infd.edu.ar\/sitio\/historia\/\" aria-label=\"More on Historia &#8211;\">[+]<\/a><\/p>\n","protected":false},"author":21,"featured_media":0,"parent":0,"menu_order":0,"comment_status":"closed","ping_status":"closed","template":"","meta":[],"acf":[],"_links":{"self":[{"href":"https:\/\/cs42-sfe.infd.edu.ar\/sitio\/wp-json\/wp\/v2\/pages\/788"}],"collection":[{"href":"https:\/\/cs42-sfe.infd.edu.ar\/sitio\/wp-json\/wp\/v2\/pages"}],"about":[{"href":"https:\/\/cs42-sfe.infd.edu.ar\/sitio\/wp-json\/wp\/v2\/types\/page"}],"author":[{"embeddable":true,"href":"https:\/\/cs42-sfe.infd.edu.ar\/sitio\/wp-json\/wp\/v2\/users\/21"}],"replies":[{"embeddable":true,"href":"https:\/\/cs42-sfe.infd.edu.ar\/sitio\/wp-json\/wp\/v2\/comments?post=788"}],"version-history":[{"count":5,"href":"https:\/\/cs42-sfe.infd.edu.ar\/sitio\/wp-json\/wp\/v2\/pages\/788\/revisions"}],"predecessor-version":[{"id":1173,"href":"https:\/\/cs42-sfe.infd.edu.ar\/sitio\/wp-json\/wp\/v2\/pages\/788\/revisions\/1173"}],"wp:attachment":[{"href":"https:\/\/cs42-sfe.infd.edu.ar\/sitio\/wp-json\/wp\/v2\/media?parent=788"}],"curies":[{"name":"wp","href":"https:\/\/api.w.org\/{rel}","templated":true}]}}