{"id":790,"date":"2018-08-31T16:07:20","date_gmt":"2018-08-31T19:07:20","guid":{"rendered":"https:\/\/cs42-sfe.infd.edu.ar\/sitio\/calendario-academico\/"},"modified":"2021-02-11T11:50:11","modified_gmt":"2021-02-11T14:50:11","slug":"calendario-academico","status":"publish","type":"page","link":"https:\/\/cs42-sfe.infd.edu.ar\/sitio\/calendario-academico\/","title":{"rendered":"Calendario Acad\u00e9mico"},"content":{"rendered":"<p><strong>A\u00d1O 2021 <\/strong><\/p>\n<p><strong>CURSANTES:<br \/>\nEl 22\/02\/2021 comenzamos con el calendario de mesas de ex\u00e1menes finales (dos llamados), en forma virtual. Estar atentos a sus correos donde van a recibir toda la informaci\u00f3n de parte de los profesores, acerca de horarios y modalidades.  <\/p>\n<p><\/strong>INGRESANTES<\/p>\n<p>Para inscribirte en alguna de las carreras, acced\u00e9 al link de inscripci\u00f3n ac\u00e1<br \/>\nFacebook: https:\/\/www.facebook.com\/colsup42<\/p>\n<p>Muy pronto recibir\u00e1s en tu correo toda la informaci\u00f3n sobre documentaci\u00f3n a presentar, acceso a la plataforma y modalidades de cursado<\/p>\n","protected":false},"excerpt":{"rendered":"<p>A\u00d1O 2021 CURSANTES: El 22\/02\/2021 comenzamos con el calendario de mesas de ex\u00e1menes finales (dos llamados), en forma virtual. Estar atentos a sus correos donde van a recibir toda la informaci\u00f3n de parte de los profesores, acerca de horarios y modalidades. INGRESANTES Para inscribirte en alguna de las carreras, acced\u00e9 al link de inscripci\u00f3n ac\u00e1 &#8230; <a title=\"Calendario Acad\u00e9mico\" class=\"read-more\" href=\"https:\/\/cs42-sfe.infd.edu.ar\/sitio\/calendario-academico\/\" aria-label=\"More on Calendario Acad\u00e9mico\">[+]<\/a><\/p>\n","protected":false},"author":21,"featured_media":0,"parent":0,"menu_order":0,"comment_status":"closed","ping_status":"closed","template":"","meta":[],"acf":[],"_links":{"self":[{"href":"https:\/\/cs42-sfe.infd.edu.ar\/sitio\/wp-json\/wp\/v2\/pages\/790"}],"collection":[{"href":"https:\/\/cs42-sfe.infd.edu.ar\/sitio\/wp-json\/wp\/v2\/pages"}],"about":[{"href":"https:\/\/cs42-sfe.infd.edu.ar\/sitio\/wp-json\/wp\/v2\/types\/page"}],"author":[{"embeddable":true,"href":"https:\/\/cs42-sfe.infd.edu.ar\/sitio\/wp-json\/wp\/v2\/users\/21"}],"replies":[{"embeddable":true,"href":"https:\/\/cs42-sfe.infd.edu.ar\/sitio\/wp-json\/wp\/v2\/comments?post=790"}],"version-history":[{"count":5,"href":"https:\/\/cs42-sfe.infd.edu.ar\/sitio\/wp-json\/wp\/v2\/pages\/790\/revisions"}],"predecessor-version":[{"id":1249,"href":"https:\/\/cs42-sfe.infd.edu.ar\/sitio\/wp-json\/wp\/v2\/pages\/790\/revisions\/1249"}],"wp:attachment":[{"href":"https:\/\/cs42-sfe.infd.edu.ar\/sitio\/wp-json\/wp\/v2\/media?parent=790"}],"curies":[{"name":"wp","href":"https:\/\/api.w.org\/{rel}","templated":true}]}}